{"id":13791,"date":"2025-01-19T15:54:44","date_gmt":"2025-01-19T14:54:44","guid":{"rendered":"https:\/\/www.minihotelelba.it\/lanostrastoria\/"},"modified":"2025-01-20T12:52:01","modified_gmt":"2025-01-20T11:52:01","slug":"residenza-mini-hotel-story","status":"publish","type":"page","link":"https:\/\/www.minihotelelba.it\/de\/residenza-mini-hotel-story\/","title":{"rendered":"Bozza automatica"},"content":{"rendered":"<p>[et_pb_section fb_built=&#8220;1&#8243; fullwidth=&#8220;on&#8220; admin_label=&#8220;Hero Section&#8220; _builder_version=&#8220;4.16&#8243; _module_preset=&#8220;default&#8220; background_color=&#8220;rgba(255,255,255,0.7)&#8220; animation_style=&#8220;zoom&#8220; animation_direction=&#8220;bottom&#8220; animation_intensity_zoom=&#8220;4%&#8220; global_colors_info=&#8220;{}&#8220;][et_pb_fullwidth_header title=&#8220;Unsere Geschichte&#8220; subhead=&#8220;Mit Leidenschaft seit 1969&#8243; text_orientation=&#8220;center&#8220; background_overlay_color=&#8220;rgba(255,255,255,0.85)&#8220; title_font_color=&#8220;#444235&#8243; subhead_font_color=&#8220;#444235&#8243; admin_label=&#8220;Hero&#8220; _builder_version=&#8220;4.17.2&#8243; _module_preset=&#8220;default&#8220; title_font=&#8220;Comfortaa||||&#8220; title_text_color=&#8220;#444235&#8243; title_font_size=&#8220;72px&#8220; title_line_height=&#8220;1.3em&#8220; subhead_font=&#8220;Open Sans|||on|&#8220; subhead_text_color=&#8220;#444235&#8243; subhead_font_size=&#8220;20px&#8220; subhead_letter_spacing=&#8220;8px&#8220; subhead_line_height=&#8220;2em&#8220; background_color=&#8220;rgba(255, 255, 255, 0)&#8220; background_image=&#8220;https:\/\/www.minihotelelba.it\/wp-content\/uploads\/page-header-bg.jpg&#8220; parallax=&#8220;on&#8220; parallax_method=&#8220;on&#8220; custom_button_one=&#8220;on&#8220; button_one_text_size=&#8220;16px&#8220; button_one_text_color=&#8220;#ffffff&#8220; button_one_bg_color=&#8220;#d1af83&#8243; button_one_border_width=&#8220;10px&#8220; button_one_border_color=&#8220;#d1af83&#8243; button_one_border_radius=&#8220;0px&#8220; button_one_letter_spacing=&#8220;6px&#8220; button_one_font=&#8220;Open Sans||||&#8220; button_one_icon=&#8220;&#x24;||divi||400&#8243; button_one_icon_color=&#8220;#ffffff&#8220; button_one_on_hover=&#8220;off&#8220; background_layout=&#8220;light&#8220; custom_padding=&#8220;43px||0px|||&#8220; animation_style=&#8220;fade&#8220; title_font_size_tablet=&#8220;&#8220; title_font_size_phone=&#8220;80px&#8220; title_font_size_last_edited=&#8220;on|phone&#8220; button_one_letter_spacing_hover=&#8220;10px&#8220; saved_tabs=&#8220;all&#8220; global_colors_info=&#8220;{}&#8220; button_one_text_size__hover_enabled=&#8220;off&#8220; button_two_text_size__hover_enabled=&#8220;off&#8220; button_one_text_color__hover_enabled=&#8220;off&#8220; button_two_text_color__hover_enabled=&#8220;off&#8220; button_one_border_width__hover_enabled=&#8220;off&#8220; button_two_border_width__hover_enabled=&#8220;off&#8220; button_one_border_color__hover_enabled=&#8220;off&#8220; button_two_border_color__hover_enabled=&#8220;off&#8220; button_one_border_radius__hover_enabled=&#8220;off&#8220; button_two_border_radius__hover_enabled=&#8220;off&#8220; button_one_letter_spacing__hover_enabled=&#8220;on&#8220; button_one_letter_spacing__hover=&#8220;10px&#8220; button_two_letter_spacing__hover_enabled=&#8220;off&#8220; button_one_bg_color__hover_enabled=&#8220;off&#8220; button_two_bg_color__hover_enabled=&#8220;off&#8220;][\/et_pb_fullwidth_header][\/et_pb_section][et_pb_section fb_built=&#8220;1&#8243; admin_label=&#8220;Gallery Section&#8220; _builder_version=&#8220;4.16&#8243; _module_preset=&#8220;default&#8220; background_color=&#8220;rgba(209,197,186,0.16)&#8220; custom_margin=&#8220;-1px|||||&#8220; custom_padding=&#8220;1px||100px|||&#8220; global_colors_info=&#8220;{}&#8220;][et_pb_row admin_label=&#8220;How we Met&#8220; _builder_version=&#8220;4.16&#8243; _module_preset=&#8220;default&#8220; background_size=&#8220;initial&#8220; background_position=&#8220;top_left&#8220; background_repeat=&#8220;repeat&#8220; custom_padding=&#8220;3px|||||&#8220; animation_style=&#8220;zoom&#8220; animation_direction=&#8220;bottom&#8220; animation_intensity_zoom=&#8220;8%&#8220; global_colors_info=&#8220;{}&#8220;][et_pb_column type=&#8220;4_4&#8243; _builder_version=&#8220;4.16&#8243; _module_preset=&#8220;default&#8220; custom_padding=&#8220;|||&#8220; global_colors_info=&#8220;{}&#8220; custom_padding__hover=&#8220;|||&#8220;][et_pb_text admin_label=&#8220;Subtitle&#8220; _builder_version=&#8220;4.17.2&#8243; _module_preset=&#8220;default&#8220; text_font=&#8220;Open Sans||||&#8220; text_text_color=&#8220;rgba(68,66,53,0.8)&#8220; text_font_size=&#8220;17px&#8220; text_line_height=&#8220;1.9em&#8220; background_size=&#8220;initial&#8220; background_position=&#8220;top_left&#8220; background_repeat=&#8220;repeat&#8220; max_width=&#8220;1079px&#8220; module_alignment=&#8220;center&#8220; custom_margin=&#8220;|||&#8220; custom_padding=&#8220;||0px|||&#8220; animation_style=&#8220;slide&#8220; animation_direction=&#8220;bottom&#8220; animation_delay=&#8220;50ms&#8220; animation_intensity_slide=&#8220;10%&#8220; global_colors_info=&#8220;{}&#8220;]<\/p>\n<p style=\"text-align: justify;\">Die Residenza Mini Hotel wurde 1969 gegr\u00fcndet, als die Familie Gentili diese bezaubernde Ecke der Insel Elba ausw\u00e4hlte, um eine kleine Residenz zu errichten. Das Ziel? Reisenden einen ruhigen Aufenthalt inmitten der Natur zu bieten, mit einem atemberaubenden Blick auf den Golf von Lacona.<\/p>\n<p>Durch diese historischen Fotos laden wir Sie ein, die Seele dieses besonderen Ortes zu entdecken und die Hingabe, die wir seit \u00fcber 50 Jahren in die Gastfreundschaft stecken. Eine Reise durch das Gr\u00fcn der mediterranen Macchia und das Blau des Meeres, um Ihnen die Magie dieser wundersch\u00f6nen Insel n\u00e4herzubringen.<\/p>\n<p>[\/et_pb_text][et_pb_image src=&#8220;https:\/\/www.minihotelelba.it\/wp-content\/uploads\/CARTOLINA-MINI-HOTEL-2-R-SM-1.jpg&#8220; align=&#8220;center&#8220; _builder_version=&#8220;4.17.2&#8243; _module_preset=&#8220;default&#8220; global_colors_info=&#8220;{}&#8220;][\/et_pb_image][et_pb_image src=&#8220;https:\/\/www.minihotelelba.it\/wp-content\/uploads\/CARTOLINA-MINI-HOTEL-1-R-SM-1.jpg&#8220; align=&#8220;center&#8220; _builder_version=&#8220;4.17.2&#8243; _module_preset=&#8220;default&#8220; global_colors_info=&#8220;{}&#8220;][\/et_pb_image][et_pb_image src=&#8220;https:\/\/www.minihotelelba.it\/wp-content\/uploads\/LACONA-ANNI-60-70-SM.jpg&#8220; align=&#8220;center&#8220; _builder_version=&#8220;4.17.2&#8243; _module_preset=&#8220;default&#8220; custom_margin=&#8220;||3px||false|false&#8220; global_colors_info=&#8220;{}&#8220;][\/et_pb_image][\/et_pb_column][\/et_pb_row][et_pb_row _builder_version=&#8220;4.17.2&#8243; _module_preset=&#8220;default&#8220; custom_padding=&#8220;5px|||||&#8220; global_colors_info=&#8220;{}&#8220;][et_pb_column type=&#8220;4_4&#8243; _builder_version=&#8220;4.17.2&#8243; _module_preset=&#8220;default&#8220; global_colors_info=&#8220;{}&#8220;][et_pb_text admin_label=&#8220;Subtitle&#8220; _builder_version=&#8220;4.17.2&#8243; _module_preset=&#8220;default&#8220; text_font=&#8220;Open Sans||||&#8220; text_text_color=&#8220;rgba(68,66,53,0.8)&#8220; text_font_size=&#8220;17px&#8220; text_line_height=&#8220;1.9em&#8220; background_size=&#8220;initial&#8220; background_position=&#8220;top_left&#8220; background_repeat=&#8220;repeat&#8220; max_width=&#8220;1079px&#8220; module_alignment=&#8220;center&#8220; custom_margin=&#8220;|||&#8220; custom_padding=&#8220;||0px|||&#8220; animation_style=&#8220;slide&#8220; animation_direction=&#8220;bottom&#8220; animation_delay=&#8220;50ms&#8220; animation_intensity_slide=&#8220;10%&#8220; global_colors_info=&#8220;{}&#8220;]<\/p>\n<p style=\"text-align: justify;\">Seit 2016 wird die Leitung der Unterkunft gemeinsam mit der Familie Palmieri gef\u00fchrt, die dieselbe Leidenschaft f\u00fcr Elba und das Engagement teilt, ihren G\u00e4sten ein authentisches und unvergessliches Urlaubserlebnis zu bieten.<\/p>\n<p style=\"text-align: justify;\">[\/et_pb_text][et_pb_gallery gallery_ids=&#8220;13433,13027,13358,12107&#8243; show_title_and_caption=&#8220;off&#8220; show_pagination=&#8220;off&#8220; _builder_version=&#8220;4.17.2&#8243; _module_preset=&#8220;default&#8220; custom_padding=&#8220;||0px|||&#8220; global_colors_info=&#8220;{}&#8220; locked=&#8220;off&#8220;][\/et_pb_gallery][\/et_pb_column][\/et_pb_row][\/et_pb_section]<\/p>\n","protected":false},"excerpt":{"rendered":"<p>Die Residenza Mini Hotel wurde 1969 gegr\u00fcndet, als die Familie Gentili diese bezaubernde Ecke der Insel Elba ausw\u00e4hlte, um eine kleine Residenz zu errichten. Das Ziel? Reisenden einen ruhigen Aufenthalt inmitten der Natur zu bieten, mit einem atemberaubenden Blick auf den Golf von Lacona. Durch diese historischen Fotos laden wir Sie ein, die Seele dieses [&hellip;]<\/p>\n","protected":false},"author":1,"featured_media":0,"parent":0,"menu_order":0,"comment_status":"closed","ping_status":"closed","template":"","meta":{"_et_pb_use_builder":"on","_et_pb_old_content":"","_et_gb_content_width":"","_joinchat":[],"footnotes":""},"class_list":["post-13791","page","type-page","status-publish","hentry"],"_links":{"self":[{"href":"https:\/\/www.minihotelelba.it\/de\/wp-json\/wp\/v2\/pages\/13791","targetHints":{"allow":["GET"]}}],"collection":[{"href":"https:\/\/www.minihotelelba.it\/de\/wp-json\/wp\/v2\/pages"}],"about":[{"href":"https:\/\/www.minihotelelba.it\/de\/wp-json\/wp\/v2\/types\/page"}],"author":[{"embeddable":true,"href":"https:\/\/www.minihotelelba.it\/de\/wp-json\/wp\/v2\/users\/1"}],"replies":[{"embeddable":true,"href":"https:\/\/www.minihotelelba.it\/de\/wp-json\/wp\/v2\/comments?post=13791"}],"version-history":[{"count":2,"href":"https:\/\/www.minihotelelba.it\/de\/wp-json\/wp\/v2\/pages\/13791\/revisions"}],"predecessor-version":[{"id":13804,"href":"https:\/\/www.minihotelelba.it\/de\/wp-json\/wp\/v2\/pages\/13791\/revisions\/13804"}],"wp:attachment":[{"href":"https:\/\/www.minihotelelba.it\/de\/wp-json\/wp\/v2\/media?parent=13791"}],"curies":[{"name":"wp","href":"https:\/\/api.w.org\/{rel}","templated":true}]}}