{"id":6700,"date":"2016-12-05T16:02:55","date_gmt":"2016-12-05T15:02:55","guid":{"rendered":"http:\/\/www.minihotelelba.it\/?page_id=6700\/"},"modified":"2024-12-07T17:35:00","modified_gmt":"2024-12-07T16:35:00","slug":"die-ferienwohnungen","status":"publish","type":"page","link":"https:\/\/www.minihotelelba.it\/de\/residenz-in-lacona\/die-ferienwohnungen\/","title":{"rendered":"Die Ferienwohnungen"},"content":{"rendered":"<p>[et_pb_section fb_built=&#8220;1&#8243; fullwidth=&#8220;on&#8220; _builder_version=&#8220;4.16&#8243; animation_style=&#8220;fade&#8220; global_colors_info=&#8220;{}&#8220;][et_pb_fullwidth_code admin_label=&#8220;Header&#8220; _builder_version=&#8220;4.16&#8243; background_image=&#8220;https:\/\/www.minihotelelba.it\/wp-content\/uploads\/header_appartamenti.jpg&#8220; global_colors_info=&#8220;{}&#8220;]<\/p>\n<div class=\"headeres\">\u00a0<\/div>\n<p>[\/et_pb_fullwidth_code][\/et_pb_section][et_pb_section fb_built=&#8220;1&#8243; custom_padding_last_edited=&#8220;on|tablet&#8220; _builder_version=&#8220;4.16&#8243; background_color=&#8220;#efeae4&#8243; custom_padding=&#8220;0px||0px|&#8220; custom_padding_tablet=&#8220;0px|0px|0px|0px&#8220; custom_padding_phone=&#8220;&#8220; global_colors_info=&#8220;{}&#8220;][et_pb_row _builder_version=&#8220;4.16&#8243; custom_padding=&#8220;20px||20px|&#8220; global_colors_info=&#8220;{}&#8220;][et_pb_column type=&#8220;4_4&#8243; _builder_version=&#8220;4.16&#8243; custom_padding=&#8220;|||&#8220; global_colors_info=&#8220;{}&#8220; custom_padding__hover=&#8220;|||&#8220;][et_pb_button button_url=&#8220;https:\/\/www.simplebooking.it\/portal\/229?lang=DE&#038;cur=EUR&#038;sorting=name_desc&#8220; button_text=&#8220;JETZT BUCHEN&#8220; button_alignment=&#8220;center&#8220; module_class=&#8220;btngreen , btnlittle&#8220; _builder_version=&#8220;4.17.2&#8243; background_layout=&#8220;dark&#8220; hover_enabled=&#8220;0&#8243; custom_css_main_element=&#8220;margin-top:0.3em;&#8220; button_letter_spacing_hover=&#8220;0&#8243; global_colors_info=&#8220;{}&#8220; button_text_size__hover_enabled=&#8220;off&#8220; button_text_size__hover=&#8220;null&#8220; button_one_text_size__hover_enabled=&#8220;off&#8220; button_one_text_size__hover=&#8220;null&#8220; button_two_text_size__hover_enabled=&#8220;off&#8220; button_two_text_size__hover=&#8220;null&#8220; button_text_color__hover_enabled=&#8220;off&#8220; button_text_color__hover=&#8220;null&#8220; button_one_text_color__hover_enabled=&#8220;off&#8220; button_one_text_color__hover=&#8220;null&#8220; button_two_text_color__hover_enabled=&#8220;off&#8220; button_two_text_color__hover=&#8220;null&#8220; button_border_width__hover_enabled=&#8220;off&#8220; button_border_width__hover=&#8220;null&#8220; button_one_border_width__hover_enabled=&#8220;off&#8220; button_one_border_width__hover=&#8220;null&#8220; button_two_border_width__hover_enabled=&#8220;off&#8220; button_two_border_width__hover=&#8220;null&#8220; button_border_color__hover_enabled=&#8220;off&#8220; button_border_color__hover=&#8220;null&#8220; button_one_border_color__hover_enabled=&#8220;off&#8220; button_one_border_color__hover=&#8220;null&#8220; button_two_border_color__hover_enabled=&#8220;off&#8220; button_two_border_color__hover=&#8220;null&#8220; button_border_radius__hover_enabled=&#8220;off&#8220; button_border_radius__hover=&#8220;null&#8220; button_one_border_radius__hover_enabled=&#8220;off&#8220; button_one_border_radius__hover=&#8220;null&#8220; button_two_border_radius__hover_enabled=&#8220;off&#8220; button_two_border_radius__hover=&#8220;null&#8220; button_letter_spacing__hover_enabled=&#8220;on&#8220; button_letter_spacing__hover=&#8220;0&#8243; button_one_letter_spacing__hover_enabled=&#8220;off&#8220; button_one_letter_spacing__hover=&#8220;null&#8220; button_two_letter_spacing__hover_enabled=&#8220;off&#8220; button_two_letter_spacing__hover=&#8220;null&#8220; button_bg_color__hover_enabled=&#8220;off&#8220; button_bg_color__hover=&#8220;null&#8220; button_one_bg_color__hover_enabled=&#8220;off&#8220; button_one_bg_color__hover=&#8220;null&#8220; button_two_bg_color__hover_enabled=&#8220;off&#8220; button_two_bg_color__hover=&#8220;null&#8220; url_new_window=&#8220;on&#8220; sticky_enabled=&#8220;0&#8243; locked=&#8220;off&#8220;][\/et_pb_button][\/et_pb_column][\/et_pb_row][\/et_pb_section][et_pb_section fb_built=&#8220;1&#8243; custom_padding_last_edited=&#8220;on|tablet&#8220; _builder_version=&#8220;4.16&#8243; background_color=&#8220;#f6f6f6&#8243; custom_padding=&#8220;50px|0px|50px|0px&#8220; custom_padding_tablet=&#8220;30px|0px|30px|0px&#8220; custom_padding_phone=&#8220;&#8220; global_colors_info=&#8220;{}&#8220;][et_pb_row padding_mobile=&#8220;off&#8220; column_padding_mobile=&#8220;on&#8220; _builder_version=&#8220;4.16&#8243; background_size=&#8220;initial&#8220; background_position=&#8220;top_left&#8220; background_repeat=&#8220;repeat&#8220; custom_padding=&#8220;0px|0px&#8220; global_colors_info=&#8220;{}&#8220;][et_pb_column type=&#8220;4_4&#8243; _builder_version=&#8220;4.16&#8243; custom_padding=&#8220;|||&#8220; global_colors_info=&#8220;{}&#8220; custom_padding__hover=&#8220;|||&#8220;][et_pb_text admin_label=&#8220;Titolo&#8220; _builder_version=&#8220;4.16&#8243; text_font=&#8220;Judson||||&#8220; background_size=&#8220;initial&#8220; background_position=&#8220;top_left&#8220; background_repeat=&#8220;repeat&#8220; text_orientation=&#8220;center&#8220; module_alignment=&#8220;center&#8220; use_border_color=&#8220;off&#8220; border_color=&#8220;#ffffff&#8220; border_style=&#8220;solid&#8220; global_colors_info=&#8220;{}&#8220;]<\/p>\n<h1 class=\"titolis\">DIE FERIENWOHNUNGEN<\/h1>\n<p>[\/et_pb_text][\/et_pb_column][\/et_pb_row][et_pb_row padding_mobile=&#8220;off&#8220; column_padding_mobile=&#8220;on&#8220; _builder_version=&#8220;4.16&#8243; background_size=&#8220;initial&#8220; background_position=&#8220;top_left&#8220; background_repeat=&#8220;repeat&#8220; custom_padding=&#8220;0px|0px|0px|0px&#8220; global_colors_info=&#8220;{}&#8220;][et_pb_column type=&#8220;4_4&#8243; _builder_version=&#8220;4.16&#8243; custom_padding=&#8220;|||&#8220; global_colors_info=&#8220;{}&#8220; custom_padding__hover=&#8220;|||&#8220;][et_pb_text module_class=&#8220;textprinc&#8220; _builder_version=&#8220;4.16&#8243; text_font=&#8220;Judson||||&#8220; text_font_size=&#8220;18&#8243; text_line_height=&#8220;1.8em&#8220; background_color=&#8220;#ffffff&#8220; background_size=&#8220;initial&#8220; background_position=&#8220;top_left&#8220; background_repeat=&#8220;repeat&#8220; use_border_color=&#8220;off&#8220; border_color=&#8220;#ffffff&#8220; border_style=&#8220;solid&#8220; global_colors_info=&#8220;{}&#8220;]<\/p>\n<p class=\"testis\">Das Residence\u00a0Mini Hotel Lacona\u00a0bietet verschiedene Arten von Wohnungen, um den Bed\u00fcrfnisse von jungen Paaren und Familien mit Kindern gerecht zu werden.<\/p>\n<p>Die Wohnungen verteilen sich \u00fcber mehrere Etagen in den beiden Hauptgeb\u00e4uden, die alle \u00fcber einen eigenen Eingang verf\u00fcgen und haben einen sch\u00f6nen Blick auf die Bucht von Lacona und Margidore.<\/p>\n<p class=\"testis\">Das gr\u00f6\u00dfte Geb\u00e4ude (Mini Hotel RTA) bietet Einzimmerwohnungen und neu renovierte Zweizimmerwohnungen mit 2-3 und 4 Betten, auf 3 Etagen.<\/p>\n<p>Das kleinere Geb\u00e4ude (Mini Appartamenti CAV) besteht aus zwei Etagen und bietet einige neu renovierte Wohnungen und andere einfachere aber gr\u00f6\u00dfere mit zwei B\u00e4der und zwei Balkone n\u00f6rdlich und s\u00fcdlich ausgerichtet.<\/p>\n<p>Wenige Meter vom Strand von Lacona entfernt bietet das Mini Hotel seinen G\u00e4sten einen schattigen Parkplatz.<\/p>\n<p class=\"testis\">Die Residenz besteht aus 3 verschiedenen Geb\u00e4uden und ist umgeben von einem grossen Garten mit B\u00e4umen. Die Wohnungen befinden sich in zwei verschiedenen H\u00e4user, w\u00e4hrend das zentrale Geb\u00e4ude das Gemeinschaftshaus ist, eine kleine Bar und eine ausgestattete Terrasse.<\/p>\n<p>Am Rand des Gartens befindet sich ein privater Parkplatz, ein gro\u00dfer schattiger Rasen ideal f\u00fcr Kinderspiele und ein Grillplatz f\u00fcr gem\u00fctliche Abende.<\/p>\n<p class=\"testis\">Die Struktur befindet sich in einer ruhigen Lage auf einem H\u00fcgel gelegen, etwa 950 Meter vom Meer entfernt.<\/p>\n<p><strong>Wenige Meter vom Strand von Lacona entfernt bietet das Mini Hotel seinen G\u00e4sten einen schattigen Parkplatz.<\/strong><\/p>\n<p>[\/et_pb_text][\/et_pb_column][\/et_pb_row][et_pb_row padding_mobile=&#8220;off&#8220; column_padding_mobile=&#8220;on&#8220; _builder_version=&#8220;4.16&#8243; background_size=&#8220;initial&#8220; background_position=&#8220;top_left&#8220; background_repeat=&#8220;repeat&#8220; custom_padding=&#8220;0px|0px|0px|0px&#8220; global_colors_info=&#8220;{}&#8220;][et_pb_column type=&#8220;4_4&#8243; _builder_version=&#8220;4.16&#8243; custom_padding=&#8220;|||&#8220; global_colors_info=&#8220;{}&#8220; custom_padding__hover=&#8220;|||&#8220;][et_pb_code admin_label=&#8220;Spazio&#8220; _builder_version=&#8220;4.16&#8243; global_colors_info=&#8220;{}&#8220;]<\/p>\n<div class=\"espace\"><\/div>\n<p>[\/et_pb_code][\/et_pb_column][\/et_pb_row][et_pb_row column_structure=&#8220;1_2,1_2&#8243; padding_mobile=&#8220;off&#8220; column_padding_mobile=&#8220;on&#8220; _builder_version=&#8220;4.16&#8243; background_size=&#8220;initial&#8220; background_position=&#8220;top_left&#8220; background_repeat=&#8220;repeat&#8220; custom_padding=&#8220;0px|0px|0px|0px&#8220; global_colors_info=&#8220;{}&#8220;][et_pb_column type=&#8220;1_2&#8243; _builder_version=&#8220;4.16&#8243; custom_padding=&#8220;|||&#8220; global_colors_info=&#8220;{}&#8220; custom_padding__hover=&#8220;|||&#8220;][et_pb_text module_class=&#8220;textprinc&#8220; _builder_version=&#8220;4.16&#8243; text_font=&#8220;Judson||||&#8220; text_font_size=&#8220;18&#8243; text_line_height=&#8220;1.8em&#8220; background_color=&#8220;#ffffff&#8220; background_size=&#8220;initial&#8220; background_position=&#8220;top_left&#8220; background_repeat=&#8220;repeat&#8220; use_border_color=&#8220;off&#8220; border_color=&#8220;#ffffff&#8220; border_style=&#8220;solid&#8220; global_colors_info=&#8220;{}&#8220;]<\/p>\n<p class=\"testis\">IUnsere Preise beinhalten:<\/p>\n<ul class=\"testis\">\n<li>Handt\u00fccher und Bettw\u00e4sche<\/li>\n<li>W\u00f6chentliche Reinigung und W\u00e4schewechsel<\/li>\n<li>Strom-, Gas-, Wasserkosten<\/li>\n<li>Endreinigung<\/li>\n<li>Parkplatz in der Ferienanlage<\/li>\n<li>Schattiger Parkplatz direkt am Meer<\/li>\n<li>Kostenloser Wifi-Zugang<\/li>\n<li>24-Stunden-Hilfe<\/li>\n<\/ul>\n<p class=\"testis\"><strong>Es gibt keinen Aufzug<\/strong><\/p>\n<p>[\/et_pb_text][\/et_pb_column][et_pb_column type=&#8220;1_2&#8243; _builder_version=&#8220;4.16&#8243; custom_padding=&#8220;|||&#8220; global_colors_info=&#8220;{}&#8220; custom_padding__hover=&#8220;|||&#8220;][et_pb_text module_class=&#8220;textprinc&#8220; _builder_version=&#8220;4.16&#8243; text_font=&#8220;Judson||||&#8220; text_font_size=&#8220;18&#8243; text_line_height=&#8220;1.8em&#8220; background_color=&#8220;#ffffff&#8220; background_size=&#8220;initial&#8220; background_position=&#8220;top_left&#8220; background_repeat=&#8220;repeat&#8220; use_border_color=&#8220;off&#8220; border_color=&#8220;#ffffff&#8220; border_style=&#8220;solid&#8220; global_colors_info=&#8220;{}&#8220;]<\/p>\n<p class=\"testis\" style=\"padding-bottom: 1em;\">Es gibt keinen Aufzug Leistungen in den \u00f6ffentlichen Bereichen:<\/p>\n<ul class=\"testis\">\n<li>Waschmaschine gegen Zahlung<\/li>\n<li>Grillplatz<\/li>\n<li>Bar und Aufenthaltsraum mit Terrasse mit Meerblick<\/li>\n<li>Betten \/ Kinderbetten auf Anfrage<\/li>\n<\/ul>\n<p>[\/et_pb_text][\/et_pb_column][\/et_pb_row][et_pb_row padding_mobile=&#8220;off&#8220; column_padding_mobile=&#8220;on&#8220; _builder_version=&#8220;4.16&#8243; background_size=&#8220;initial&#8220; background_position=&#8220;top_left&#8220; background_repeat=&#8220;repeat&#8220; custom_padding=&#8220;0px|0px|0px|0px&#8220; global_colors_info=&#8220;{}&#8220;][et_pb_column type=&#8220;4_4&#8243; _builder_version=&#8220;4.16&#8243; custom_padding=&#8220;|||&#8220; global_colors_info=&#8220;{}&#8220; custom_padding__hover=&#8220;|||&#8220;][et_pb_code admin_label=&#8220;Spazio&#8220; _builder_version=&#8220;4.16&#8243; global_colors_info=&#8220;{}&#8220;]<\/p>\n<div class=\"espace\"><\/div>\n<p>[\/et_pb_code][\/et_pb_column][\/et_pb_row][et_pb_row padding_mobile=&#8220;off&#8220; column_padding_mobile=&#8220;on&#8220; _builder_version=&#8220;4.16&#8243; background_size=&#8220;initial&#8220; background_position=&#8220;top_left&#8220; background_repeat=&#8220;repeat&#8220; custom_padding=&#8220;0px|0px&#8220; global_colors_info=&#8220;{}&#8220;][et_pb_column type=&#8220;4_4&#8243; _builder_version=&#8220;4.16&#8243; custom_padding=&#8220;|||&#8220; global_colors_info=&#8220;{}&#8220; custom_padding__hover=&#8220;|||&#8220;][et_pb_text admin_label=&#8220;Sottotitolo&#8220; _builder_version=&#8220;4.16&#8243; text_font=&#8220;Judson||||&#8220; background_size=&#8220;initial&#8220; background_position=&#8220;top_left&#8220; background_repeat=&#8220;repeat&#8220; text_orientation=&#8220;center&#8220; module_alignment=&#8220;center&#8220; use_border_color=&#8220;off&#8220; border_color=&#8220;#ffffff&#8220; border_style=&#8220;solid&#8220; global_colors_info=&#8220;{}&#8220;]<\/p>\n<h1 class=\"titolis2\">UNSERE WOHNUNGEN<\/h1>\n<p>[\/et_pb_text][\/et_pb_column][\/et_pb_row][et_pb_row column_structure=&#8220;1_3,1_3,1_3&#8243; padding_mobile=&#8220;off&#8220; column_padding_mobile=&#8220;on&#8220; _builder_version=&#8220;4.16&#8243; background_color=&#8220;#ffffff&#8220; background_size=&#8220;initial&#8220; background_position=&#8220;top_left&#8220; background_repeat=&#8220;repeat&#8220; custom_margin=&#8220;10px|||&#8220; custom_padding=&#8220;0px|0px|0px|0px&#8220; global_colors_info=&#8220;{}&#8220;][et_pb_column type=&#8220;1_3&#8243; _builder_version=&#8220;4.16&#8243; custom_padding=&#8220;|||&#8220; global_colors_info=&#8220;{}&#8220; custom_padding__hover=&#8220;|||&#8220;][et_pb_text module_class=&#8220;textprinc&#8220; _builder_version=&#8220;4.16&#8243; text_font=&#8220;Judson||||&#8220; text_font_size=&#8220;18&#8243; text_line_height=&#8220;1.8em&#8220; background_color=&#8220;#ffffff&#8220; background_size=&#8220;initial&#8220; background_position=&#8220;top_left&#8220; background_repeat=&#8220;repeat&#8220; use_border_color=&#8220;off&#8220; global_colors_info=&#8220;{}&#8220;]<\/p>\n<ul class=\"testis\">\n<li><a href=\"\/de\/residenz-in-lacona\/die-ferienwohnungen\/ein-zimmer-wohnung-a\/\">EIN-ZIMMER-WOHNUNG A<\/a> (max 2 G\u00e4ste)<\/li>\n<li><a href=\"\/de\/residenz-in-lacona\/die-ferienwohnungen\/ein-zimmer-wohnung-b\/\">EIN-ZIMMER-WOHNUNG B<\/a> (max 2+2 G\u00e4ste)<\/li>\n<li><a href=\"\/de\/residenz-in-lacona\/die-ferienwohnungen\/ein-zimmer-wohnung-c\/\">EIN-ZIMMER-WOHNUNG C<\/a> (max 2+1 G\u00e4ste)<\/li>\n<li><a href=\"\/de\/residenz-in-lacona\/die-ferienwohnungen\/ein-zimmer-wohnung-d\/\">EIN-ZIMMER-WOHNUNG D<\/a> (max 2+1 G\u00e4ste)<\/li>\n<\/ul>\n<p>[\/et_pb_text][\/et_pb_column][et_pb_column type=&#8220;1_3&#8243; _builder_version=&#8220;4.16&#8243; custom_padding=&#8220;|||&#8220; global_colors_info=&#8220;{}&#8220; custom_padding__hover=&#8220;|||&#8220;][et_pb_text module_class=&#8220;textprinc&#8220; _builder_version=&#8220;4.16&#8243; text_font=&#8220;Judson||||&#8220; text_font_size=&#8220;18&#8243; text_line_height=&#8220;1.8em&#8220; background_color=&#8220;#ffffff&#8220; background_size=&#8220;initial&#8220; background_position=&#8220;top_left&#8220; background_repeat=&#8220;repeat&#8220; use_border_color=&#8220;off&#8220; border_color=&#8220;#ffffff&#8220; border_style=&#8220;solid&#8220; global_colors_info=&#8220;{}&#8220;]<\/p>\n<ul class=\"testis\">\n<li><a href=\"\/de\/residenz-in-lacona\/die-ferienwohnung\/zwei-zimmer-wohnung-c\/\">ZWEI-ZIMMER-WOHNUNG C<\/a> (max 2+3 G\u00e4ste)<\/li>\n<li><a href=\"\/de\/residenz-in-lacona\/die-ferienwohnung\/zwei-zimmer-wohnung-d\/\">ZWEI-ZIMMER-WOHNUNG D<\/a> (max 2+2 G\u00e4ste)<\/li>\n<li><a href=\"\/de\/residenz-in-lacona\/die-ferienwohnung\/zwei-zimmer-wohnung-e\/\">ZWEI-ZIMMER-WOHNUNG E<\/a> (max 2+2 G\u00e4ste)<\/li>\n<li><a href=\"\/de\/residenz-in-lacona\/die-ferienwohnung\/zwei-zimmer-wohnung-f\/\">ZWEI-ZIMMER-WOHNUNG F<\/a> (max 2+2 G\u00e4ste)<\/li>\n<\/ul>\n<p>[\/et_pb_text][\/et_pb_column][et_pb_column type=&#8220;1_3&#8243; _builder_version=&#8220;4.16&#8243; custom_padding=&#8220;|||&#8220; global_colors_info=&#8220;{}&#8220; custom_padding__hover=&#8220;|||&#8220;][et_pb_text module_class=&#8220;textprinc&#8220; _builder_version=&#8220;4.16&#8243; text_font=&#8220;Judson||||&#8220; text_font_size=&#8220;18&#8243; text_line_height=&#8220;1.8em&#8220; background_color=&#8220;#ffffff&#8220; background_size=&#8220;initial&#8220; background_position=&#8220;top_left&#8220; background_repeat=&#8220;repeat&#8220; use_border_color=&#8220;off&#8220; border_color=&#8220;#ffffff&#8220; border_style=&#8220;solid&#8220; global_colors_info=&#8220;{}&#8220;]<\/p>\n<ul class=\"testis\">\n<li><a href=\"https:\/\/www.minihotelelba.it\/de\/zwei-zimmer-wohnung-26\/\">ZWEI-ZIMMER-WOHNUNG 26<\/a>\u00a0(max 2+3 G\u00e4ste)<\/li>\n<li><a href=\"https:\/\/www.minihotelelba.it\/de\/maisonette\/\">MAISONETTE WOHNUNG<\/a>\u00a0(max 4\/5 G\u00e4ste)<\/li>\n<li><a href=\"\/de\/residenz-in-lacona\/die-ferienwohnung\/3-zi-appartament\/\">3-ZI-APPARTAMENT<\/a> (max 4\/5 G\u00e4ste)<\/li>\n<\/ul>\n<p>[\/et_pb_text][\/et_pb_column][\/et_pb_row][et_pb_row padding_mobile=&#8220;off&#8220; column_padding_mobile=&#8220;on&#8220; _builder_version=&#8220;4.16&#8243; background_color=&#8220;#ffffff&#8220; background_size=&#8220;initial&#8220; background_position=&#8220;top_left&#8220; background_repeat=&#8220;repeat&#8220; custom_margin=&#8220;10px|||&#8220; custom_padding=&#8220;0px|0px|0px|0px&#8220; global_colors_info=&#8220;{}&#8220;][et_pb_column type=&#8220;4_4&#8243; _builder_version=&#8220;4.16&#8243; custom_padding=&#8220;|||&#8220; global_colors_info=&#8220;{}&#8220; custom_padding__hover=&#8220;|||&#8220;][et_pb_image src=&#8220;https:\/\/www.minihotelelba.it\/wp-content\/uploads\/2024-03-24-09.46.38-R-2-SM.jpg&#8220; _builder_version=&#8220;4.17.2&#8243; _module_preset=&#8220;default&#8220; global_colors_info=&#8220;{}&#8220;][\/et_pb_image][\/et_pb_column][\/et_pb_row][\/et_pb_section]<\/p>\n","protected":false},"excerpt":{"rendered":"<p>DIE FERIENWOHNUNGEN Das Residence\u00a0Mini Hotel Lacona\u00a0bietet verschiedene Arten von Wohnungen, um den Bed\u00fcrfnisse von jungen Paaren und Familien mit Kindern gerecht zu werden. Die Wohnungen verteilen sich \u00fcber mehrere Etagen in den beiden Hauptgeb\u00e4uden, die alle \u00fcber einen eigenen Eingang verf\u00fcgen und haben einen sch\u00f6nen Blick auf die Bucht von Lacona und Margidore. Das gr\u00f6\u00dfte [&hellip;]<\/p>\n","protected":false},"author":2,"featured_media":0,"parent":6692,"menu_order":2,"comment_status":"closed","ping_status":"closed","template":"","meta":{"_et_pb_use_builder":"on","_et_pb_old_content":"","_et_gb_content_width":"","_joinchat":[],"footnotes":""},"class_list":["post-6700","page","type-page","status-publish","hentry"],"_links":{"self":[{"href":"https:\/\/www.minihotelelba.it\/de\/wp-json\/wp\/v2\/pages\/6700","targetHints":{"allow":["GET"]}}],"collection":[{"href":"https:\/\/www.minihotelelba.it\/de\/wp-json\/wp\/v2\/pages"}],"about":[{"href":"https:\/\/www.minihotelelba.it\/de\/wp-json\/wp\/v2\/types\/page"}],"author":[{"embeddable":true,"href":"https:\/\/www.minihotelelba.it\/de\/wp-json\/wp\/v2\/users\/2"}],"replies":[{"embeddable":true,"href":"https:\/\/www.minihotelelba.it\/de\/wp-json\/wp\/v2\/comments?post=6700"}],"version-history":[{"count":22,"href":"https:\/\/www.minihotelelba.it\/de\/wp-json\/wp\/v2\/pages\/6700\/revisions"}],"predecessor-version":[{"id":13597,"href":"https:\/\/www.minihotelelba.it\/de\/wp-json\/wp\/v2\/pages\/6700\/revisions\/13597"}],"up":[{"embeddable":true,"href":"https:\/\/www.minihotelelba.it\/de\/wp-json\/wp\/v2\/pages\/6692"}],"wp:attachment":[{"href":"https:\/\/www.minihotelelba.it\/de\/wp-json\/wp\/v2\/media?parent=6700"}],"curies":[{"name":"wp","href":"https:\/\/api.w.org\/{rel}","templated":true}]}}