{"id":6714,"date":"2016-12-05T17:05:21","date_gmt":"2016-12-05T16:05:21","guid":{"rendered":"http:\/\/www.minihotelelba.it\/?page_id=6714\/"},"modified":"2024-12-07T17:35:16","modified_gmt":"2024-12-07T16:35:16","slug":"ein-zimmer-wohnung-b","status":"publish","type":"page","link":"https:\/\/www.minihotelelba.it\/de\/residenz-in-lacona\/die-ferienwohnungen\/ein-zimmer-wohnung-b\/","title":{"rendered":"Ein-Zimmer-Wohnung B"},"content":{"rendered":"<p>[et_pb_section fb_built=&#8220;1&#8243; fullwidth=&#8220;on&#8220; _builder_version=&#8220;4.16&#8243; animation_style=&#8220;fade&#8220; global_colors_info=&#8220;{}&#8220;][et_pb_fullwidth_code admin_label=&#8220;Header&#8220; _builder_version=&#8220;4.16&#8243; background_image=&#8220;https:\/\/www.minihotelelba.it\/wp-content\/uploads\/DSC_0212_241_282_297HEADER.jpg&#8220; global_colors_info=&#8220;{}&#8220;]<\/p>\n<div class=\"headeres\">\u00a0<\/div>\n<p>[\/et_pb_fullwidth_code][\/et_pb_section][et_pb_section fb_built=&#8220;1&#8243; custom_padding_last_edited=&#8220;on|tablet&#8220; _builder_version=&#8220;4.16&#8243; background_color=&#8220;#efeae4&#8243; custom_padding=&#8220;0px||0px|&#8220; custom_padding_tablet=&#8220;0px|0px|0px|0px&#8220; custom_padding_phone=&#8220;&#8220; global_colors_info=&#8220;{}&#8220;][et_pb_row _builder_version=&#8220;4.16&#8243; custom_padding=&#8220;20px||20px|&#8220; global_colors_info=&#8220;{}&#8220;][et_pb_column type=&#8220;4_4&#8243; _builder_version=&#8220;4.16&#8243; custom_padding=&#8220;|||&#8220; global_colors_info=&#8220;{}&#8220; custom_padding__hover=&#8220;|||&#8220;][et_pb_button button_url=&#8220;https:\/\/www.simplebooking.it\/portal\/229?lang=DE&#038;cur=EUR&#038;sorting=name_desc&#8220; button_text=&#8220;JETZT BUCHEN&#8220; button_alignment=&#8220;center&#8220; module_class=&#8220;btngreen , btnlittle&#8220; _builder_version=&#8220;4.17.2&#8243; background_layout=&#8220;dark&#8220; hover_enabled=&#8220;0&#8243; custom_css_main_element=&#8220;margin-top:0.3em;&#8220; button_letter_spacing_hover=&#8220;0&#8243; global_colors_info=&#8220;{}&#8220; button_text_size__hover_enabled=&#8220;off&#8220; button_text_size__hover=&#8220;null&#8220; button_one_text_size__hover_enabled=&#8220;off&#8220; button_one_text_size__hover=&#8220;null&#8220; button_two_text_size__hover_enabled=&#8220;off&#8220; button_two_text_size__hover=&#8220;null&#8220; button_text_color__hover_enabled=&#8220;off&#8220; button_text_color__hover=&#8220;null&#8220; button_one_text_color__hover_enabled=&#8220;off&#8220; button_one_text_color__hover=&#8220;null&#8220; button_two_text_color__hover_enabled=&#8220;off&#8220; button_two_text_color__hover=&#8220;null&#8220; button_border_width__hover_enabled=&#8220;off&#8220; button_border_width__hover=&#8220;null&#8220; button_one_border_width__hover_enabled=&#8220;off&#8220; button_one_border_width__hover=&#8220;null&#8220; button_two_border_width__hover_enabled=&#8220;off&#8220; button_two_border_width__hover=&#8220;null&#8220; button_border_color__hover_enabled=&#8220;off&#8220; button_border_color__hover=&#8220;null&#8220; button_one_border_color__hover_enabled=&#8220;off&#8220; button_one_border_color__hover=&#8220;null&#8220; button_two_border_color__hover_enabled=&#8220;off&#8220; button_two_border_color__hover=&#8220;null&#8220; button_border_radius__hover_enabled=&#8220;off&#8220; button_border_radius__hover=&#8220;null&#8220; button_one_border_radius__hover_enabled=&#8220;off&#8220; button_one_border_radius__hover=&#8220;null&#8220; button_two_border_radius__hover_enabled=&#8220;off&#8220; button_two_border_radius__hover=&#8220;null&#8220; button_letter_spacing__hover_enabled=&#8220;on&#8220; button_letter_spacing__hover=&#8220;0&#8243; button_one_letter_spacing__hover_enabled=&#8220;off&#8220; button_one_letter_spacing__hover=&#8220;null&#8220; button_two_letter_spacing__hover_enabled=&#8220;off&#8220; button_two_letter_spacing__hover=&#8220;null&#8220; button_bg_color__hover_enabled=&#8220;off&#8220; button_bg_color__hover=&#8220;null&#8220; button_one_bg_color__hover_enabled=&#8220;off&#8220; button_one_bg_color__hover=&#8220;null&#8220; button_two_bg_color__hover_enabled=&#8220;off&#8220; button_two_bg_color__hover=&#8220;null&#8220; url_new_window=&#8220;on&#8220; sticky_enabled=&#8220;0&#8243; locked=&#8220;off&#8220;][\/et_pb_button][\/et_pb_column][\/et_pb_row][\/et_pb_section][et_pb_section fb_built=&#8220;1&#8243; custom_padding_last_edited=&#8220;on|tablet&#8220; _builder_version=&#8220;4.16&#8243; background_color=&#8220;#f6f6f6&#8243; custom_padding=&#8220;50px|0px|50px|0px&#8220; custom_padding_tablet=&#8220;30px|0px|30px|0px&#8220; custom_padding_phone=&#8220;&#8220; global_colors_info=&#8220;{}&#8220;][et_pb_row padding_mobile=&#8220;off&#8220; column_padding_mobile=&#8220;on&#8220; _builder_version=&#8220;4.16&#8243; background_size=&#8220;initial&#8220; background_position=&#8220;top_left&#8220; background_repeat=&#8220;repeat&#8220; custom_padding=&#8220;0px|0px|0px|0px&#8220; make_fullwidth=&#8220;off&#8220; use_custom_width=&#8220;off&#8220; width_unit=&#8220;on&#8220; custom_width_px=&#8220;1080px&#8220; custom_width_percent=&#8220;80%&#8220; global_colors_info=&#8220;{}&#8220;][et_pb_column type=&#8220;4_4&#8243; _builder_version=&#8220;4.16&#8243; custom_padding=&#8220;|||&#8220; global_colors_info=&#8220;{}&#8220; custom_padding__hover=&#8220;|||&#8220;][et_pb_text admin_label=&#8220;Titolo&#8220; _builder_version=&#8220;4.16&#8243; text_font=&#8220;Judson||||&#8220; background_size=&#8220;initial&#8220; background_position=&#8220;top_left&#8220; background_repeat=&#8220;repeat&#8220; text_orientation=&#8220;center&#8220; module_alignment=&#8220;center&#8220; use_border_color=&#8220;off&#8220; border_style=&#8220;solid&#8220; global_colors_info=&#8220;{}&#8220;]<\/p>\n<h1 class=\"titolis\">EIN-ZIMMER-WOHNUNG B<\/h1>\n<p>[\/et_pb_text][\/et_pb_column][\/et_pb_row][et_pb_row padding_mobile=&#8220;off&#8220; column_padding_mobile=&#8220;on&#8220; _builder_version=&#8220;4.16&#8243; background_color=&#8220;#ffffff&#8220; background_size=&#8220;initial&#8220; background_position=&#8220;top_left&#8220; background_repeat=&#8220;repeat&#8220; custom_padding=&#8220;0px|0px|0px|0px&#8220; make_fullwidth=&#8220;off&#8220; use_custom_width=&#8220;off&#8220; width_unit=&#8220;on&#8220; custom_width_px=&#8220;1080px&#8220; custom_width_percent=&#8220;80%&#8220; global_colors_info=&#8220;{}&#8220;][et_pb_column type=&#8220;4_4&#8243; _builder_version=&#8220;4.16&#8243; custom_padding=&#8220;|||&#8220; global_colors_info=&#8220;{}&#8220; custom_padding__hover=&#8220;|||&#8220;][et_pb_text module_class=&#8220;textprinc&#8220; _builder_version=&#8220;4.16&#8243; text_font=&#8220;Judson||||&#8220; text_font_size=&#8220;18&#8243; text_line_height=&#8220;1.8em&#8220; background_size=&#8220;initial&#8220; background_position=&#8220;top_left&#8220; background_repeat=&#8220;repeat&#8220; use_border_color=&#8220;off&#8220; border_style=&#8220;solid&#8220; global_colors_info=&#8220;{}&#8220;]<\/p>\n<p class=\"testis\">Diese Unterkunft besteht aus einem Raum mit K\u00fcchenzeile, ein Doppelbett und ein Bettsofa, privates Bad mit Dusche und Balkon mit Meerblick.<\/p>\n<p class=\"testis\">Maximale Anzahl der G\u00e4ste: 3<br \/>Durchschnittliche Gr\u00f6\u00dfe: 25 qm<\/p>\n<p class=\"testis\" style=\"line-height:0.8em !important;\"><em><span style=\"font-size: small;\">Die hier gezeigten Fotos sind nur bezeichnend f\u00fcr die Art der Unterkunft und k\u00f6nnen von der Ihnen zugewiesenen Wohnung abweichen.<\/span><\/em><\/p>\n<p>[\/et_pb_text][\/et_pb_column][\/et_pb_row][et_pb_row padding_mobile=&#8220;off&#8220; column_padding_mobile=&#8220;on&#8220; _builder_version=&#8220;4.16&#8243; background_size=&#8220;initial&#8220; background_position=&#8220;top_left&#8220; background_repeat=&#8220;repeat&#8220; custom_padding=&#8220;0px|0px|0px|0px&#8220; make_fullwidth=&#8220;off&#8220; use_custom_width=&#8220;off&#8220; width_unit=&#8220;on&#8220; custom_width_px=&#8220;1080px&#8220; custom_width_percent=&#8220;80%&#8220; global_colors_info=&#8220;{}&#8220;][et_pb_column type=&#8220;4_4&#8243; _builder_version=&#8220;4.16&#8243; custom_padding=&#8220;|||&#8220; global_colors_info=&#8220;{}&#8220; custom_padding__hover=&#8220;|||&#8220;][et_pb_code admin_label=&#8220;Spazio&#8220; _builder_version=&#8220;4.16&#8243; global_colors_info=&#8220;{}&#8220;]<\/p>\n<div class=\"espace\">\u00a0<\/div>\n<p>[\/et_pb_code][\/et_pb_column][\/et_pb_row][et_pb_row column_structure=&#8220;2_3,1_3&#8243; padding_mobile=&#8220;off&#8220; column_padding_mobile=&#8220;on&#8220; module_class=&#8220;camere&#8220; _builder_version=&#8220;4.16&#8243; background_color=&#8220;#ffffff&#8220; background_size=&#8220;initial&#8220; background_position=&#8220;top_left&#8220; background_repeat=&#8220;repeat&#8220; custom_padding=&#8220;0px|0px&#8220; make_fullwidth=&#8220;off&#8220; use_custom_width=&#8220;off&#8220; width_unit=&#8220;on&#8220; custom_width_px=&#8220;1080px&#8220; custom_width_percent=&#8220;80%&#8220; global_colors_info=&#8220;{}&#8220;][et_pb_column type=&#8220;2_3&#8243; _builder_version=&#8220;4.16&#8243; custom_padding=&#8220;0px|0px|0px|0px&#8220; global_colors_info=&#8220;{}&#8220; custom_padding__hover=&#8220;|||&#8220;][et_pb_gallery gallery_ids=&#8220;11888,11880,6454,9787,6452,11884&#8243; fullwidth=&#8220;on&#8220; _builder_version=&#8220;4.16&#8243; caption_all_caps=&#8220;off&#8220; use_border_color=&#8220;off&#8220; border_color=&#8220;#ffffff&#8220; border_width=&#8220;1px&#8220; border_style=&#8220;solid&#8220; locked=&#8220;off&#8220; global_colors_info=&#8220;{}&#8220;][\/et_pb_gallery][\/et_pb_column][et_pb_column type=&#8220;1_3&#8243; _builder_version=&#8220;4.16&#8243; custom_padding=&#8220;0px|0px|0px|0px&#8220; global_colors_info=&#8220;{}&#8220; custom_padding__hover=&#8220;|||&#8220;][et_pb_text module_class=&#8220;textimg&#8220; _builder_version=&#8220;4.16&#8243; text_font=&#8220;Judson||||&#8220; text_font_size=&#8220;18&#8243; text_line_height=&#8220;1.8em&#8220; background_color=&#8220;rgba(255,255,255,0)&#8220; background_size=&#8220;initial&#8220; background_position=&#8220;top_left&#8220; background_repeat=&#8220;repeat&#8220; use_border_color=&#8220;off&#8220; border_style=&#8220;solid&#8220; global_colors_info=&#8220;{}&#8220;]<\/p>\n<p class=\"testis\">MERKMALE<\/p>\n<ul class=\"testis\">\n<li>Unabh\u00e4ngiger Eingang<\/li>\n<li>Bodenfliesen<\/li>\n<li>Terrasse mit Meerblick und mit einem Tisch<\/li>\n<li>K\u00fcche\/K\u00fcchenzeile<\/li>\n<li>K\u00fchlschrank<\/li>\n<li>Mikrowelle<\/li>\n<li>Tisch mit St\u00fchlen<\/li>\n<li>Schrank\/Garderobe<\/li>\n<li>Fernseher<\/li>\n<li>Telefon<\/li>\n<li>Kleiner Safe<\/li>\n<li>Gratis Wi-Fi<\/li>\n<li>Klimaanlage\/Heizung<\/li>\n<li>W\u00e4schest\u00e4nder<\/li>\n<li>PRIVATBAD<\/li>\n<\/ul>\n<p>[\/et_pb_text][\/et_pb_column][\/et_pb_row][et_pb_row padding_mobile=&#8220;off&#8220; column_padding_mobile=&#8220;on&#8220; _builder_version=&#8220;4.16&#8243; background_size=&#8220;initial&#8220; background_position=&#8220;top_left&#8220; background_repeat=&#8220;repeat&#8220; custom_padding=&#8220;0px|0px|0px|0px&#8220; make_fullwidth=&#8220;off&#8220; use_custom_width=&#8220;off&#8220; width_unit=&#8220;on&#8220; custom_width_px=&#8220;1080px&#8220; custom_width_percent=&#8220;80%&#8220; global_colors_info=&#8220;{}&#8220;][et_pb_column type=&#8220;4_4&#8243; _builder_version=&#8220;4.16&#8243; custom_padding=&#8220;|||&#8220; global_colors_info=&#8220;{}&#8220; custom_padding__hover=&#8220;|||&#8220;][et_pb_code admin_label=&#8220;Spazio&#8220; _builder_version=&#8220;4.16&#8243; global_colors_info=&#8220;{}&#8220;]<\/p>\n<div class=\"espace\">\u00a0<\/div>\n<p>[\/et_pb_code][\/et_pb_column][\/et_pb_row][et_pb_row column_structure=&#8220;1_4,1_2,1_4&#8243; padding_mobile=&#8220;off&#8220; column_padding_mobile=&#8220;on&#8220; _builder_version=&#8220;4.16&#8243; background_size=&#8220;initial&#8220; background_position=&#8220;top_left&#8220; background_repeat=&#8220;repeat&#8220; make_fullwidth=&#8220;off&#8220; use_custom_width=&#8220;off&#8220; width_unit=&#8220;off&#8220; custom_width_px=&#8220;1080px&#8220; custom_width_percent=&#8220;80%&#8220; global_colors_info=&#8220;{}&#8220;][et_pb_column type=&#8220;1_4&#8243; _builder_version=&#8220;4.16&#8243; custom_padding=&#8220;|||&#8220; global_colors_info=&#8220;{}&#8220; custom_padding__hover=&#8220;|||&#8220;][\/et_pb_column][et_pb_column type=&#8220;1_2&#8243; _builder_version=&#8220;4.16&#8243; custom_padding=&#8220;|||&#8220; global_colors_info=&#8220;{}&#8220; custom_padding__hover=&#8220;|||&#8220;][et_pb_image src=&#8220;https:\/\/www.minihotelelba.it\/wp-content\/uploads\/monBplanimentria.jpg&#8220; show_in_lightbox=&#8220;on&#8220; use_overlay=&#8220;on&#8220; overlay_icon_color=&#8220;#ffffff&#8220; hover_overlay_color=&#8220;rgba(222,212,200,0.7)&#8220; hover_icon=&#8220;&#x54;||divi||400&#8243; align_tablet=&#8220;center&#8220; align_phone=&#8220;&#8220; align_last_edited=&#8220;on|desktop&#8220; _builder_version=&#8220;4.16&#8243; animation_style=&#8220;slide&#8220; animation_direction=&#8220;left&#8220; animation_duration=&#8220;500ms&#8220; animation_intensity_slide=&#8220;10%&#8220; use_border_color=&#8220;off&#8220; border_color=&#8220;#ffffff&#8220; border_width=&#8220;1px&#8220; border_style=&#8220;solid&#8220; sticky=&#8220;off&#8220; always_center_on_mobile=&#8220;on&#8220; global_colors_info=&#8220;{}&#8220;][\/et_pb_image][\/et_pb_column][et_pb_column type=&#8220;1_4&#8243; _builder_version=&#8220;4.16&#8243; custom_padding=&#8220;|||&#8220; global_colors_info=&#8220;{}&#8220; custom_padding__hover=&#8220;|||&#8220;][\/et_pb_column][\/et_pb_row][\/et_pb_section]<\/p>\n","protected":false},"excerpt":{"rendered":"<p>EIN-ZIMMER-WOHNUNG B Diese Unterkunft besteht aus einem Raum mit K\u00fcchenzeile, ein Doppelbett und ein Bettsofa, privates Bad mit Dusche und Balkon mit Meerblick. Maximale Anzahl der G\u00e4ste: 3Durchschnittliche Gr\u00f6\u00dfe: 25 qm Die hier gezeigten Fotos sind nur bezeichnend f\u00fcr die Art der Unterkunft und k\u00f6nnen von der Ihnen zugewiesenen Wohnung abweichen. MERKMALE Unabh\u00e4ngiger Eingang Bodenfliesen [&hellip;]<\/p>\n","protected":false},"author":2,"featured_media":0,"parent":6700,"menu_order":2,"comment_status":"closed","ping_status":"closed","template":"","meta":{"_et_pb_use_builder":"on","_et_pb_old_content":"","_et_gb_content_width":"","_joinchat":[],"footnotes":""},"class_list":["post-6714","page","type-page","status-publish","hentry"],"_links":{"self":[{"href":"https:\/\/www.minihotelelba.it\/de\/wp-json\/wp\/v2\/pages\/6714","targetHints":{"allow":["GET"]}}],"collection":[{"href":"https:\/\/www.minihotelelba.it\/de\/wp-json\/wp\/v2\/pages"}],"about":[{"href":"https:\/\/www.minihotelelba.it\/de\/wp-json\/wp\/v2\/types\/page"}],"author":[{"embeddable":true,"href":"https:\/\/www.minihotelelba.it\/de\/wp-json\/wp\/v2\/users\/2"}],"replies":[{"embeddable":true,"href":"https:\/\/www.minihotelelba.it\/de\/wp-json\/wp\/v2\/comments?post=6714"}],"version-history":[{"count":14,"href":"https:\/\/www.minihotelelba.it\/de\/wp-json\/wp\/v2\/pages\/6714\/revisions"}],"predecessor-version":[{"id":13601,"href":"https:\/\/www.minihotelelba.it\/de\/wp-json\/wp\/v2\/pages\/6714\/revisions\/13601"}],"up":[{"embeddable":true,"href":"https:\/\/www.minihotelelba.it\/de\/wp-json\/wp\/v2\/pages\/6700"}],"wp:attachment":[{"href":"https:\/\/www.minihotelelba.it\/de\/wp-json\/wp\/v2\/media?parent=6714"}],"curies":[{"name":"wp","href":"https:\/\/api.w.org\/{rel}","templated":true}]}}