{"id":6765,"date":"2016-12-06T11:44:15","date_gmt":"2016-12-06T10:44:15","guid":{"rendered":"http:\/\/www.minihotelelba.it\/?page_id=6765\/"},"modified":"2020-10-15T11:15:48","modified_gmt":"2020-10-15T09:15:48","slug":"strand-dienstleistungen","status":"publish","type":"page","link":"https:\/\/www.minihotelelba.it\/de\/residenz-in-lacona\/strand-dienstleistungen\/","title":{"rendered":"Strand Dienstleistungen"},"content":{"rendered":"<p>[et_pb_section fb_built=&#8220;1&#8243; fullwidth=&#8220;on&#8220; _builder_version=&#8220;3.22&#8243; animation_style=&#8220;fade&#8220;][et_pb_fullwidth_code admin_label=&#8220;Header&#8220; _builder_version=&#8220;3.19.10&#8243; background_image=&#8220;https:\/\/www.minihotelelba.it\/wp-content\/uploads\/IMG-spiaggia-header_710sm.jpg&#8220;]<\/p>\n<div class=\"headeres\">\u00a0<\/div>\n<p>[\/et_pb_fullwidth_code][\/et_pb_section][et_pb_section fb_built=&#8220;1&#8243; custom_padding_last_edited=&#8220;on|tablet&#8220; _builder_version=&#8220;3.22&#8243; background_color=&#8220;#efeae4&#8243; custom_padding=&#8220;0px||0px|&#8220; custom_padding_tablet=&#8220;0px|0px|0px|0px&#8220; custom_padding_phone=&#8220;&#8220;][et_pb_row _builder_version=&#8220;3.25&#8243; custom_padding=&#8220;20px||20px|&#8220;][et_pb_column type=&#8220;4_4&#8243; _builder_version=&#8220;3.25&#8243; custom_padding=&#8220;|||&#8220; custom_padding__hover=&#8220;|||&#8220;][et_pb_button button_url=&#8220;https:\/\/www.minihotelelba.it\/de\/booking\/booking-online\/&#8220; button_text=&#8220;JETZT BUCHEN&#8220; button_alignment=&#8220;center&#8220; admin_label=&#8220;Pulsante Booking&#8220; module_class=&#8220;btngreen&#8220; _builder_version=&#8220;3.19.10&#8243; background_layout=&#8220;dark&#8220;][\/et_pb_button][\/et_pb_column][\/et_pb_row][\/et_pb_section][et_pb_section fb_built=&#8220;1&#8243; custom_padding_last_edited=&#8220;on|phone&#8220; _builder_version=&#8220;3.22&#8243; background_color=&#8220;#f6f6f6&#8243; custom_padding=&#8220;50px|0px|10px|0px&#8220; custom_padding_tablet=&#8220;30px|0px|0px|0px&#8220; custom_padding_phone=&#8220;&#8220;][et_pb_row padding_mobile=&#8220;off&#8220; column_padding_mobile=&#8220;on&#8220; _builder_version=&#8220;3.25&#8243; background_size=&#8220;initial&#8220; background_position=&#8220;top_left&#8220; background_repeat=&#8220;repeat&#8220; custom_padding=&#8220;0px|0px&#8220; make_fullwidth=&#8220;off&#8220; use_custom_width=&#8220;off&#8220; width_unit=&#8220;on&#8220; custom_width_px=&#8220;1080px&#8220; custom_width_percent=&#8220;80%&#8220;][et_pb_column type=&#8220;4_4&#8243; _builder_version=&#8220;3.25&#8243; custom_padding=&#8220;|||&#8220; custom_padding__hover=&#8220;|||&#8220;][et_pb_text admin_label=&#8220;Titolo&#8220; _builder_version=&#8220;3.27.4&#8243; text_font=&#8220;Judson||||&#8220; background_size=&#8220;initial&#8220; background_position=&#8220;top_left&#8220; background_repeat=&#8220;repeat&#8220; text_orientation=&#8220;center&#8220; module_alignment=&#8220;center&#8220; use_border_color=&#8220;off&#8220; border_color=&#8220;#ffffff&#8220; border_style=&#8220;solid&#8220;]<\/p>\n<h1 class=\"titolis\">STRAND DIENSTLEISTUNGEN<\/h1>\n<p>[\/et_pb_text][\/et_pb_column][\/et_pb_row][et_pb_row padding_mobile=&#8220;off&#8220; column_padding_mobile=&#8220;on&#8220; _builder_version=&#8220;3.25&#8243; background_size=&#8220;initial&#8220; background_position=&#8220;top_left&#8220; background_repeat=&#8220;repeat&#8220; custom_padding=&#8220;0px|0px|0px|0px&#8220; make_fullwidth=&#8220;off&#8220; use_custom_width=&#8220;off&#8220; width_unit=&#8220;on&#8220; custom_width_px=&#8220;1080px&#8220; custom_width_percent=&#8220;80%&#8220;][et_pb_column type=&#8220;4_4&#8243; _builder_version=&#8220;3.25&#8243; custom_padding=&#8220;|||&#8220; custom_padding__hover=&#8220;|||&#8220;][et_pb_text module_class=&#8220;textprinc&#8220; _builder_version=&#8220;3.27.4&#8243; text_font=&#8220;Judson||||&#8220; text_font_size=&#8220;18&#8243; text_line_height=&#8220;1.8em&#8220; background_color=&#8220;#ffffff&#8220; background_size=&#8220;initial&#8220; background_position=&#8220;top_left&#8220; background_repeat=&#8220;repeat&#8220; use_border_color=&#8220;off&#8220; border_color=&#8220;#ffffff&#8220; border_style=&#8220;solid&#8220;]<\/p>\n<p class=\"testis\">Das Mini Hotel bietet seinen G\u00e4sten, zus\u00e4tzlich einen privaten Parkplatz nur Schritte vom Meer entfernt, spezielle Rabatte f\u00fcr das Strandbad, Bar und Restaurant am Strand von Lacona.<\/p>\n<p class=\"testis\">Durch die direkte Zusammenarbeit mit unseren Partner sind wir in der Lage f\u00fcr Sie einen Sonnenschirm und Sonnenliegen bereits zum Zeitpunkt der Buchung der Residenz zu reservieren.<\/p>\n<p class=\"testis\"><strong>Andere Str\u00e4nde mit Rabatt f\u00fcr Strandb\u00e4der:<\/strong> Dank unserer Rabattkarte  WTEgroup, welche Sie kostenlos bei der Ankunft erhalten, k\u00f6nnen die Kunden vom Mini Hotel von vielen speziellen Angeboten in anderen Badeorten und Str\u00e4nde auf der Insel Elba profitieren (wie Marina di Campo, Cavoli, Seccheto, Fetovaia).<br \/>Info: <a href=\"http:\/\/www.welcometoelba.com\/de\/news\/kundenkarte\/\" target=\"_blank\" rel=\"noopener noreferrer\">WELCOMETOELBA Discount Card<\/a><\/p>\n<p>[\/et_pb_text][et_pb_gallery gallery_ids=&#8220;6274,6287,6320,6321&#8243; show_title_and_caption=&#8220;off&#8220; _builder_version=&#8220;3.0.87&#8243; use_border_color=&#8220;off&#8220; border_color=&#8220;#ffffff&#8220; border_width=&#8220;1px&#8220; border_style=&#8220;solid&#8220;][\/et_pb_gallery][\/et_pb_column][\/et_pb_row][\/et_pb_section]<\/p>\n","protected":false},"excerpt":{"rendered":"<p>STRAND DIENSTLEISTUNGEN Das Mini Hotel bietet seinen G\u00e4sten, zus\u00e4tzlich einen privaten Parkplatz nur Schritte vom Meer entfernt, spezielle Rabatte f\u00fcr das Strandbad, Bar und Restaurant am Strand von Lacona. Durch die direkte Zusammenarbeit mit unseren Partner sind wir in der Lage f\u00fcr Sie einen Sonnenschirm und Sonnenliegen bereits zum Zeitpunkt der Buchung der Residenz zu [&hellip;]<\/p>\n","protected":false},"author":2,"featured_media":0,"parent":6692,"menu_order":4,"comment_status":"closed","ping_status":"closed","template":"","meta":{"_et_pb_use_builder":"on","_et_pb_old_content":"","_et_gb_content_width":"","_joinchat":[],"footnotes":""},"class_list":["post-6765","page","type-page","status-publish","hentry"],"_links":{"self":[{"href":"https:\/\/www.minihotelelba.it\/de\/wp-json\/wp\/v2\/pages\/6765","targetHints":{"allow":["GET"]}}],"collection":[{"href":"https:\/\/www.minihotelelba.it\/de\/wp-json\/wp\/v2\/pages"}],"about":[{"href":"https:\/\/www.minihotelelba.it\/de\/wp-json\/wp\/v2\/types\/page"}],"author":[{"embeddable":true,"href":"https:\/\/www.minihotelelba.it\/de\/wp-json\/wp\/v2\/users\/2"}],"replies":[{"embeddable":true,"href":"https:\/\/www.minihotelelba.it\/de\/wp-json\/wp\/v2\/comments?post=6765"}],"version-history":[{"count":6,"href":"https:\/\/www.minihotelelba.it\/de\/wp-json\/wp\/v2\/pages\/6765\/revisions"}],"predecessor-version":[{"id":9936,"href":"https:\/\/www.minihotelelba.it\/de\/wp-json\/wp\/v2\/pages\/6765\/revisions\/9936"}],"up":[{"embeddable":true,"href":"https:\/\/www.minihotelelba.it\/de\/wp-json\/wp\/v2\/pages\/6692"}],"wp:attachment":[{"href":"https:\/\/www.minihotelelba.it\/de\/wp-json\/wp\/v2\/media?parent=6765"}],"curies":[{"name":"wp","href":"https:\/\/api.w.org\/{rel}","templated":true}]}}