{"id":6804,"date":"2016-12-06T15:24:04","date_gmt":"2016-12-06T14:24:04","guid":{"rendered":"http:\/\/www.minihotelelba.it\/?page_id=6804\/"},"modified":"2026-01-26T12:33:38","modified_gmt":"2026-01-26T11:33:38","slug":"natur-und-sport","status":"publish","type":"page","link":"https:\/\/www.minihotelelba.it\/de\/insel-elba\/natur-und-sport\/","title":{"rendered":"Natur und Sport"},"content":{"rendered":"<p>[et_pb_section fb_built=&#8220;1&#8243; fullwidth=&#8220;on&#8220; _builder_version=&#8220;4.16&#8243; animation_style=&#8220;fade&#8220; global_colors_info=&#8220;{}&#8220;][et_pb_fullwidth_code admin_label=&#8220;Header&#8220; _builder_version=&#8220;4.16&#8243; background_image=&#8220;https:\/\/www.minihotelelba.it\/wp-content\/uploads\/header_natura.jpg&#8220; global_colors_info=&#8220;{}&#8220;]<\/p>\n<div class=\"headeres\">\u00a0<\/div>\n<p>[\/et_pb_fullwidth_code][\/et_pb_section][et_pb_section fb_built=&#8220;1&#8243; custom_padding_last_edited=&#8220;on|tablet&#8220; _builder_version=&#8220;4.16&#8243; background_color=&#8220;#efeae4&#8243; custom_padding=&#8220;0px||0px|&#8220; custom_padding_tablet=&#8220;0px|0px|0px|0px&#8220; custom_padding_phone=&#8220;&#8220; global_colors_info=&#8220;{}&#8220;][et_pb_row _builder_version=&#8220;4.16&#8243; custom_padding=&#8220;20px||20px|&#8220; global_colors_info=&#8220;{}&#8220;][et_pb_column type=&#8220;4_4&#8243; _builder_version=&#8220;4.16&#8243; custom_padding=&#8220;|||&#8220; global_colors_info=&#8220;{}&#8220; custom_padding__hover=&#8220;|||&#8220;][et_pb_button button_url=&#8220;https:\/\/www.simplebooking.it\/portal\/229?lang=DE&#038;cur=EUR&#038;sorting=name_desc&#8220; url_new_window=&#8220;on&#8220; button_text=&#8220;JETZT BUCHEN&#8220; button_alignment=&#8220;center&#8220; module_class=&#8220;btngreen , btnlittle&#8220; _builder_version=&#8220;4.17.2&#8243; background_layout=&#8220;dark&#8220; custom_css_main_element=&#8220;margin-top:0.3em;&#8220; button_letter_spacing_hover=&#8220;0&#8243; locked=&#8220;off&#8220; global_colors_info=&#8220;{}&#8220; button_text_size__hover_enabled=&#8220;off&#8220; button_text_size__hover=&#8220;null&#8220; button_one_text_size__hover_enabled=&#8220;off&#8220; button_one_text_size__hover=&#8220;null&#8220; button_two_text_size__hover_enabled=&#8220;off&#8220; button_two_text_size__hover=&#8220;null&#8220; button_text_color__hover_enabled=&#8220;off&#8220; button_text_color__hover=&#8220;null&#8220; button_one_text_color__hover_enabled=&#8220;off&#8220; button_one_text_color__hover=&#8220;null&#8220; button_two_text_color__hover_enabled=&#8220;off&#8220; button_two_text_color__hover=&#8220;null&#8220; button_border_width__hover_enabled=&#8220;off&#8220; button_border_width__hover=&#8220;null&#8220; button_one_border_width__hover_enabled=&#8220;off&#8220; button_one_border_width__hover=&#8220;null&#8220; button_two_border_width__hover_enabled=&#8220;off&#8220; button_two_border_width__hover=&#8220;null&#8220; button_border_color__hover_enabled=&#8220;off&#8220; button_border_color__hover=&#8220;null&#8220; button_one_border_color__hover_enabled=&#8220;off&#8220; button_one_border_color__hover=&#8220;null&#8220; button_two_border_color__hover_enabled=&#8220;off&#8220; button_two_border_color__hover=&#8220;null&#8220; button_border_radius__hover_enabled=&#8220;off&#8220; button_border_radius__hover=&#8220;null&#8220; button_one_border_radius__hover_enabled=&#8220;off&#8220; button_one_border_radius__hover=&#8220;null&#8220; button_two_border_radius__hover_enabled=&#8220;off&#8220; button_two_border_radius__hover=&#8220;null&#8220; button_letter_spacing__hover_enabled=&#8220;on&#8220; button_letter_spacing__hover=&#8220;0&#8243; button_one_letter_spacing__hover_enabled=&#8220;off&#8220; button_one_letter_spacing__hover=&#8220;null&#8220; button_two_letter_spacing__hover_enabled=&#8220;off&#8220; button_two_letter_spacing__hover=&#8220;null&#8220; button_bg_color__hover_enabled=&#8220;off&#8220; button_bg_color__hover=&#8220;null&#8220; button_one_bg_color__hover_enabled=&#8220;off&#8220; button_one_bg_color__hover=&#8220;null&#8220; button_two_bg_color__hover_enabled=&#8220;off&#8220; button_two_bg_color__hover=&#8220;null&#8220;][\/et_pb_button][\/et_pb_column][\/et_pb_row][\/et_pb_section][et_pb_section fb_built=&#8220;1&#8243; custom_padding_last_edited=&#8220;on|phone&#8220; _builder_version=&#8220;4.16&#8243; background_color=&#8220;#f6f6f6&#8243; custom_padding=&#8220;50px|0px|50px|0px&#8220; custom_padding_tablet=&#8220;30px|0px|30px|0px&#8220; custom_padding_phone=&#8220;&#8220; global_colors_info=&#8220;{}&#8220;][et_pb_row padding_mobile=&#8220;off&#8220; column_padding_mobile=&#8220;on&#8220; _builder_version=&#8220;4.16&#8243; background_size=&#8220;initial&#8220; background_position=&#8220;top_left&#8220; background_repeat=&#8220;repeat&#8220; custom_padding=&#8220;0px|0px&#8220; make_fullwidth=&#8220;off&#8220; use_custom_width=&#8220;off&#8220; width_unit=&#8220;on&#8220; custom_width_px=&#8220;1080px&#8220; custom_width_percent=&#8220;80%&#8220; global_colors_info=&#8220;{}&#8220;][et_pb_column type=&#8220;4_4&#8243; _builder_version=&#8220;4.16&#8243; custom_padding=&#8220;|||&#8220; global_colors_info=&#8220;{}&#8220; custom_padding__hover=&#8220;|||&#8220;][et_pb_text admin_label=&#8220;Titolo&#8220; _builder_version=&#8220;4.16&#8243; text_font=&#8220;Judson||||&#8220; background_size=&#8220;initial&#8220; background_position=&#8220;top_left&#8220; background_repeat=&#8220;repeat&#8220; text_orientation=&#8220;center&#8220; module_alignment=&#8220;center&#8220; use_border_color=&#8220;off&#8220; border_color=&#8220;#ffffff&#8220; border_style=&#8220;solid&#8220; global_colors_info=&#8220;{}&#8220;]<\/p>\n<h1 class=\"titolis\">NATUR UND SPORT<\/h1>\n<p>[\/et_pb_text][\/et_pb_column][\/et_pb_row][et_pb_row padding_mobile=&#8220;off&#8220; column_padding_mobile=&#8220;on&#8220; _builder_version=&#8220;4.16&#8243; background_size=&#8220;initial&#8220; background_position=&#8220;top_left&#8220; background_repeat=&#8220;repeat&#8220; custom_padding=&#8220;0px|0px|0px|0px&#8220; make_fullwidth=&#8220;off&#8220; use_custom_width=&#8220;off&#8220; width_unit=&#8220;on&#8220; custom_width_px=&#8220;1080px&#8220; custom_width_percent=&#8220;80%&#8220; global_colors_info=&#8220;{}&#8220;][et_pb_column type=&#8220;4_4&#8243; _builder_version=&#8220;4.16&#8243; custom_padding=&#8220;|||&#8220; global_colors_info=&#8220;{}&#8220; custom_padding__hover=&#8220;|||&#8220;][et_pb_text module_class=&#8220;textprinc&#8220; _builder_version=&#8220;4.16&#8243; text_font=&#8220;Judson||||&#8220; text_font_size=&#8220;18&#8243; text_line_height=&#8220;1.8em&#8220; background_color=&#8220;#ffffff&#8220; background_size=&#8220;initial&#8220; background_position=&#8220;top_left&#8220; background_repeat=&#8220;repeat&#8220; text_orientation=&#8220;center&#8220; module_alignment=&#8220;center&#8220; use_border_color=&#8220;off&#8220; border_color=&#8220;#ffffff&#8220; border_style=&#8220;solid&#8220; global_colors_info=&#8220;{}&#8220;]<\/p>\n<p class=\"testis\" style=\"text-align: justify;\">Wenn die Traumstr\u00e4nde Elbas die Insel auf der ganzen Welt ber\u00fchmt gemacht haben, dann lassen Sie sich von seinem Inneren Land \u00fcberraschen und erkunden Sie mit einem Rucksack das grosse Netz an Wanderwegen.<\/p>\n<p class=\"testis\" style=\"text-align: justify;\">Geniessen Sie die Harmonie zwischen den Gr\u00fcnen H\u00fcgeln und den K\u00fcstenklippen in verbindung mit den Rebbergen und dem Jahrtausendalten Wald, schlendern Sie durch die alten Berg- und Fischerd\u00f6rfer.<\/p>\n<p class=\"testis\" style=\"text-align: justify;\">Der Nationalpark des Toskanischen Archipels schenkt einzigartige Emotionen auch im Sattel eines Pferdes oder auf dem Mountainbike, auch auf einem Segelboot oder im Kanu paddelnd.<\/p>\n<p class=\"testis\" style=\"text-align: justify;\">Die Unterwasserwelt ist ein Paradies f\u00fcr Taucher, welche satte Farben, Flora und Fauna entdecken. Es stehen zahlreiche Tauchzentren zur Verf\u00fcgung entlang der K\u00fcste, von denen einige mit unseren Einrichtungen eine Partnerschaft pflegen.<\/p>\n<p>[\/et_pb_text][\/et_pb_column][\/et_pb_row][\/et_pb_section][et_pb_section fb_built=&#8220;1&#8243; custom_padding_last_edited=&#8220;on|phone&#8220; _builder_version=&#8220;4.16&#8243; background_color=&#8220;#f6f6f6&#8243; custom_padding=&#8220;27px|0px|50px|0px||&#8220; custom_padding_tablet=&#8220;30px|0px|30px|0px&#8220; custom_padding_phone=&#8220;&#8220; locked=&#8220;off&#8220; global_colors_info=&#8220;{}&#8220;][et_pb_row padding_mobile=&#8220;off&#8220; column_padding_mobile=&#8220;on&#8220; _builder_version=&#8220;4.16&#8243; background_size=&#8220;initial&#8220; background_position=&#8220;top_left&#8220; background_repeat=&#8220;repeat&#8220; custom_padding=&#8220;0px|0px&#8220; make_fullwidth=&#8220;off&#8220; use_custom_width=&#8220;off&#8220; width_unit=&#8220;on&#8220; custom_width_px=&#8220;1080px&#8220; custom_width_percent=&#8220;80%&#8220; global_colors_info=&#8220;{}&#8220;][et_pb_column type=&#8220;4_4&#8243; _builder_version=&#8220;4.16&#8243; custom_padding=&#8220;|||&#8220; global_colors_info=&#8220;{}&#8220; custom_padding__hover=&#8220;|||&#8220;][et_pb_image src=&#8220;https:\/\/www.minihotelelba.it\/wp-content\/uploads\/vivere-il-parco.jpg&#8220; title_text=&#8220;vivere il parco&#8220; url=&#8220;https:\/\/www.islepark.it\/wp-content\/uploads\/2025\/03\/vivere-025_TEDESCO_stampa.pdf&#8220; url_new_window=&#8220;on&#8220; align=&#8220;center&#8220; _builder_version=&#8220;4.17.2&#8243; _module_preset=&#8220;default&#8220; locked=&#8220;off&#8220; global_colors_info=&#8220;{}&#8220; custom_padding=&#8220;|||0px||&#8220;][\/et_pb_image][\/et_pb_column][\/et_pb_row][et_pb_row _builder_version=&#8220;4.17.2&#8243; _module_preset=&#8220;default&#8220; custom_padding=&#8220;6px|||||&#8220; locked=&#8220;off&#8220; global_colors_info=&#8220;{}&#8220;][et_pb_column type=&#8220;4_4&#8243; _builder_version=&#8220;4.17.2&#8243; _module_preset=&#8220;default&#8220; global_colors_info=&#8220;{}&#8220;][et_pb_text admin_label=&#8220;mappa&#8220; _builder_version=&#8220;4.16&#8243; text_font=&#8220;Judson||||&#8220; background_size=&#8220;initial&#8220; background_position=&#8220;top_left&#8220; background_repeat=&#8220;repeat&#8220; text_orientation=&#8220;center&#8220; module_alignment=&#8220;center&#8220; custom_margin=&#8220;||-3px|||&#8220; custom_padding=&#8220;0px|||||&#8220; use_border_color=&#8220;off&#8220; border_style=&#8220;solid&#8220; global_colors_info=&#8220;{}&#8220;][\/et_pb_text][et_pb_text admin_label=&#8220;mappa&#8220; _builder_version=&#8220;4.16&#8243; text_font=&#8220;Judson||||&#8220; background_size=&#8220;initial&#8220; background_position=&#8220;top_left&#8220; background_repeat=&#8220;repeat&#8220; text_orientation=&#8220;center&#8220; module_alignment=&#8220;center&#8220; custom_margin=&#8220;||-3px|||&#8220; custom_padding=&#8220;0px|||||&#8220; use_border_color=&#8220;off&#8220; border_style=&#8220;solid&#8220; global_colors_info=&#8220;{}&#8220;]<\/p>\n<h1 class=\"titolis\" style=\"text-align: center;\">NATIONAL PARK<\/h1>\n<p>[\/et_pb_text][et_pb_image src=&#8220;https:\/\/www.minihotelelba.it\/wp-content\/uploads\/mappa-parco-nazionale.jpg&#8220; url=&#8220;https:\/\/www.islepark.it\/rete-sentieristica\/carte-e-app-dei-sentieri&#8220; url_new_window=&#8220;on&#8220; _builder_version=&#8220;4.17.2&#8243; _module_preset=&#8220;default&#8220; global_colors_info=&#8220;{}&#8220;][\/et_pb_image][et_pb_text admin_label=&#8220;mappa&#8220; _builder_version=&#8220;4.16&#8243; text_font=&#8220;Judson||||&#8220; background_size=&#8220;initial&#8220; background_position=&#8220;top_left&#8220; background_repeat=&#8220;repeat&#8220; text_orientation=&#8220;center&#8220; module_alignment=&#8220;center&#8220; custom_margin=&#8220;||-3px|||&#8220; custom_padding=&#8220;0px|||||&#8220; use_border_color=&#8220;off&#8220; border_style=&#8220;solid&#8220; global_colors_info=&#8220;{}&#8220;]<\/p>\n<h1 class=\"titolis\" style=\"text-align: center;\">LACONA &amp; CAPOLIVERI<\/h1>\n<p>[\/et_pb_text][et_pb_image src=&#8220;https:\/\/www.minihotelelba.it\/wp-content\/uploads\/SIRIO-CAPOLIVERI-LACONA-SM.jpg&#8220; url=&#8220;https:\/\/www.siriobluevision.it\/mappeinterattive\/minihotel-2\/&#8220; url_new_window=&#8220;on&#8220; _builder_version=&#8220;4.17.2&#8243; _module_preset=&#8220;default&#8220; global_colors_info=&#8220;{}&#8220;][\/et_pb_image][et_pb_text admin_label=&#8220;mappa&#8220; _builder_version=&#8220;4.16&#8243; text_font=&#8220;Judson||||&#8220; background_size=&#8220;initial&#8220; background_position=&#8220;top_left&#8220; background_repeat=&#8220;repeat&#8220; text_orientation=&#8220;center&#8220; module_alignment=&#8220;center&#8220; custom_margin=&#8220;||-1px|||&#8220; custom_padding=&#8220;0px|||||&#8220; use_border_color=&#8220;off&#8220; border_style=&#8220;solid&#8220; global_colors_info=&#8220;{}&#8220;]<\/p>\n<h1 class=\"titolis\" style=\"text-align: center;\">FETOVAIA &amp; COSTA DEL SOLE<\/h1>\n<p>[\/et_pb_text][et_pb_image src=&#8220;https:\/\/www.minihotelelba.it\/wp-content\/uploads\/sirio-fetovaia-2.jpg&#8220; url=&#8220;https:\/\/www.siriobluevision.it\/mappeinterattive\/hotelmontemerlo\/&#8220; url_new_window=&#8220;on&#8220; _builder_version=&#8220;4.17.2&#8243; _module_preset=&#8220;default&#8220; global_colors_info=&#8220;{}&#8220;][\/et_pb_image][et_pb_text admin_label=&#8220;mappa&#8220; _builder_version=&#8220;4.16&#8243; text_font=&#8220;Judson||||&#8220; background_size=&#8220;initial&#8220; background_position=&#8220;top_left&#8220; background_repeat=&#8220;repeat&#8220; text_orientation=&#8220;center&#8220; module_alignment=&#8220;center&#8220; use_border_color=&#8220;off&#8220; border_style=&#8220;solid&#8220; global_colors_info=&#8220;{}&#8220;]<\/p>\n<h1 class=\"titolis\" style=\"text-align: center;\">CLUB ALPINO ITALIANO MAP<\/h1>\n<p><a href=\"https:\/\/www.welcometoelba.com\/de\/bikehotel-e-sport\/natur-sport\/elbasport\/\" target=\"_blank\" rel=\"noopener\"><img loading=\"lazy\" decoding=\"async\" class=\"wp-image-11698 size-full aligncenter\" src=\"https:\/\/www.minihotelelba.it\/wp-content\/uploads\/SPORTmaps.jpg\" alt=\"\" width=\"1006\" height=\"379\" srcset=\"https:\/\/www.minihotelelba.it\/wp-content\/uploads\/SPORTmaps.jpg 1006w, https:\/\/www.minihotelelba.it\/wp-content\/uploads\/SPORTmaps-980x369.jpg 980w, https:\/\/www.minihotelelba.it\/wp-content\/uploads\/SPORTmaps-480x181.jpg 480w\" sizes=\"auto, (min-width: 0px) and (max-width: 480px) 480px, (min-width: 481px) and (max-width: 980px) 980px, (min-width: 981px) 1006px, 100vw\" \/><\/a><\/p>\n<p>[\/et_pb_text][\/et_pb_column][\/et_pb_row][et_pb_row column_structure=&#8220;1_2,1_2&#8243; padding_mobile=&#8220;off&#8220; column_padding_mobile=&#8220;on&#8220; _builder_version=&#8220;4.17.2&#8243; background_color=&#8220;#FFFFFF&#8220; background_size=&#8220;initial&#8220; background_position=&#8220;top_left&#8220; background_repeat=&#8220;repeat&#8220; custom_padding=&#8220;0px|0px|0px|0px&#8220; make_fullwidth=&#8220;off&#8220; use_custom_width=&#8220;off&#8220; width_unit=&#8220;on&#8220; custom_width_px=&#8220;1080px&#8220; custom_width_percent=&#8220;80%&#8220; locked=&#8220;off&#8220; global_colors_info=&#8220;{}&#8220; custom_margin=&#8220;22px|auto||auto||&#8220;][et_pb_column type=&#8220;1_2&#8243; _builder_version=&#8220;4.16&#8243; custom_padding=&#8220;|||&#8220; global_colors_info=&#8220;{}&#8220; custom_padding__hover=&#8220;|||&#8220;][et_pb_image src=&#8220;https:\/\/www.minihotelelba.it\/wp-content\/uploads\/pelagos.jpg&#8220; title_text=&#8220;pelagos&#8220; url=&#8220;http:\/\/www.pelagos.it&#8220; url_new_window=&#8220;on&#8220; align=&#8220;center&#8220; _builder_version=&#8220;4.17.2&#8243; _module_preset=&#8220;default&#8220; global_colors_info=&#8220;{}&#8220;][\/et_pb_image][\/et_pb_column][et_pb_column type=&#8220;1_2&#8243; _builder_version=&#8220;4.17.2&#8243; _module_preset=&#8220;default&#8220; global_colors_info=&#8220;{}&#8220;][et_pb_image src=&#8220;https:\/\/www.minihotelelba.it\/wp-content\/uploads\/ilviottolo.jpg&#8220; title_text=&#8220;ilviottolo&#8220; url=&#8220;http:\/\/www.ilviottolo.it&#8220; url_new_window=&#8220;on&#8220; align=&#8220;center&#8220; _builder_version=&#8220;4.17.2&#8243; _module_preset=&#8220;default&#8220; global_colors_info=&#8220;{}&#8220;][\/et_pb_image][\/et_pb_column][\/et_pb_row][et_pb_row column_structure=&#8220;1_3,1_3,1_3&#8243; _builder_version=&#8220;4.17.2&#8243; _module_preset=&#8220;default&#8220; locked=&#8220;off&#8220; global_colors_info=&#8220;{}&#8220;][et_pb_column type=&#8220;1_3&#8243; _builder_version=&#8220;4.17.2&#8243; _module_preset=&#8220;default&#8220; global_colors_info=&#8220;{}&#8220;][\/et_pb_column][et_pb_column type=&#8220;1_3&#8243; _builder_version=&#8220;4.17.2&#8243; _module_preset=&#8220;default&#8220; global_colors_info=&#8220;{}&#8220;][et_pb_image src=&#8220;https:\/\/www.minihotelelba.it\/wp-content\/uploads\/Immagine-2025-07-26-121836.jpg&#8220; url=&#8220;https:\/\/youtu.be\/4wVo5ASHiWU&#8220; url_new_window=&#8220;on&#8220; _builder_version=&#8220;4.17.2&#8243; _module_preset=&#8220;default&#8220; global_colors_info=&#8220;{}&#8220;][\/et_pb_image][\/et_pb_column][et_pb_column type=&#8220;1_3&#8243; _builder_version=&#8220;4.17.2&#8243; _module_preset=&#8220;default&#8220; global_colors_info=&#8220;{}&#8220;][\/et_pb_column][\/et_pb_row][et_pb_row column_structure=&#8220;1_3,1_3,1_3&#8243; _builder_version=&#8220;4.17.2&#8243; _module_preset=&#8220;default&#8220; locked=&#8220;off&#8220; global_colors_info=&#8220;{}&#8220;][et_pb_column type=&#8220;1_3&#8243; _builder_version=&#8220;4.17.2&#8243; _module_preset=&#8220;default&#8220; global_colors_info=&#8220;{}&#8220;][et_pb_image src=&#8220;https:\/\/www.minihotelelba.it\/wp-content\/uploads\/Immagine-2026-01-25-153005.jpg&#8220; title_text=&#8220;Immagine 2026-01-25 153005&#8243; url=&#8220;https:\/\/www.youtube.com\/watch?v=43uo78npqDA&#8220; url_new_window=&#8220;on&#8220; align=&#8220;center&#8220; _builder_version=&#8220;4.17.2&#8243; _module_preset=&#8220;default&#8220; global_colors_info=&#8220;{}&#8220;][\/et_pb_image][\/et_pb_column][et_pb_column type=&#8220;1_3&#8243; _builder_version=&#8220;4.17.2&#8243; _module_preset=&#8220;default&#8220; global_colors_info=&#8220;{}&#8220;][et_pb_image src=&#8220;https:\/\/www.minihotelelba.it\/wp-content\/uploads\/Immagine-2026-01-25-152551.jpg&#8220; title_text=&#8220;Immagine 2026-01-25 152551&#8243; url=&#8220;https:\/\/www.youtube.com\/watch?v=mXMGltbvWhk&#8220; url_new_window=&#8220;on&#8220; align=&#8220;center&#8220; _builder_version=&#8220;4.17.2&#8243; _module_preset=&#8220;default&#8220; global_colors_info=&#8220;{}&#8220;][\/et_pb_image][\/et_pb_column][et_pb_column type=&#8220;1_3&#8243; _builder_version=&#8220;4.17.2&#8243; _module_preset=&#8220;default&#8220; global_colors_info=&#8220;{}&#8220;][et_pb_image src=&#8220;https:\/\/www.minihotelelba.it\/wp-content\/uploads\/Immagine-2026-01-25-152741.jpg&#8220; title_text=&#8220;Immagine 2026-01-25 152741&#8243; url_new_window=&#8220;on&#8220; align=&#8220;center&#8220; _builder_version=&#8220;4.17.2&#8243; _module_preset=&#8220;default&#8220; global_colors_info=&#8220;{}&#8220;][\/et_pb_image][\/et_pb_column][\/et_pb_row][et_pb_row column_structure=&#8220;1_3,1_3,1_3&#8243; _builder_version=&#8220;4.17.2&#8243; _module_preset=&#8220;default&#8220; locked=&#8220;off&#8220; global_colors_info=&#8220;{}&#8220;][et_pb_column type=&#8220;1_3&#8243; _builder_version=&#8220;4.17.2&#8243; _module_preset=&#8220;default&#8220; global_colors_info=&#8220;{}&#8220;][et_pb_image src=&#8220;https:\/\/www.minihotelelba.it\/wp-content\/uploads\/Immagine-2026-01-25-152715.jpg&#8220; title_text=&#8220;Immagine 2026-01-25 152715&#8243; url=&#8220;https:\/\/www.youtube.com\/watch?v=6vwa1nAhvL8&#8243; url_new_window=&#8220;on&#8220; align=&#8220;center&#8220; _builder_version=&#8220;4.17.2&#8243; _module_preset=&#8220;default&#8220; global_colors_info=&#8220;{}&#8220;][\/et_pb_image][\/et_pb_column][et_pb_column type=&#8220;1_3&#8243; _builder_version=&#8220;4.17.2&#8243; _module_preset=&#8220;default&#8220; global_colors_info=&#8220;{}&#8220;][et_pb_image src=&#8220;https:\/\/www.minihotelelba.it\/wp-content\/uploads\/Immagine-2026-01-25-152917.jpg&#8220; title_text=&#8220;Immagine 2026-01-25 152917&#8243; url=&#8220;https:\/\/youtu.be\/RguRdz5dR1o&#8220; url_new_window=&#8220;on&#8220; align=&#8220;center&#8220; _builder_version=&#8220;4.17.2&#8243; _module_preset=&#8220;default&#8220; global_colors_info=&#8220;{}&#8220;][\/et_pb_image][\/et_pb_column][et_pb_column type=&#8220;1_3&#8243; _builder_version=&#8220;4.17.2&#8243; _module_preset=&#8220;default&#8220; global_colors_info=&#8220;{}&#8220;][et_pb_image src=&#8220;https:\/\/www.minihotelelba.it\/wp-content\/uploads\/Immagine-2026-01-25-152933.jpg&#8220; title_text=&#8220;Immagine 2026-01-25 152933&#8243; url=&#8220;https:\/\/youtu.be\/Wf1y1QC8RJI&#8220; url_new_window=&#8220;on&#8220; align=&#8220;center&#8220; _builder_version=&#8220;4.17.2&#8243; _module_preset=&#8220;default&#8220; global_colors_info=&#8220;{}&#8220;][\/et_pb_image][\/et_pb_column][\/et_pb_row][et_pb_row padding_mobile=&#8220;off&#8220; column_padding_mobile=&#8220;on&#8220; module_class=&#8220;camere&#8220; _builder_version=&#8220;4.16&#8243; background_color=&#8220;#ffffff&#8220; background_size=&#8220;initial&#8220; background_position=&#8220;top_left&#8220; background_repeat=&#8220;repeat&#8220; custom_padding=&#8220;0px|0px&#8220; make_fullwidth=&#8220;off&#8220; use_custom_width=&#8220;off&#8220; width_unit=&#8220;on&#8220; custom_width_px=&#8220;1080px&#8220; custom_width_percent=&#8220;80%&#8220; global_colors_info=&#8220;{}&#8220;][et_pb_column type=&#8220;4_4&#8243; _builder_version=&#8220;4.16&#8243; custom_padding=&#8220;0px|0px|0px|0px&#8220; global_colors_info=&#8220;{}&#8220; custom_padding__hover=&#8220;|||&#8220;][et_pb_text admin_label=&#8220;Sports&#8220; _builder_version=&#8220;4.16&#8243; _module_preset=&#8220;default&#8220; global_colors_info=&#8220;{}&#8220;]<\/p>\n<h3 class=\"testis\" style=\"text-align: center;\"><a href=\"http:\/\/www.welcometoelba.com\/de\/bikehotel-e-sport\/trekking\/\">TREKKING<\/a><\/h3>\n<h3 class=\"testis\" style=\"text-align: center;\"><a href=\"http:\/\/www.welcometoelba.com\/de\/bikehotel-und-sport\/tauchen\/\">TAUCHEN<\/a><\/h3>\n<h3 class=\"testis\" style=\"text-align: center;\"><a href=\"http:\/\/www.welcometoelba.com\/de\/bikehotel-und-sport\/klettern\/\">KLETTERN<\/a><\/h3>\n<h3 class=\"testis\" style=\"text-align: center;\"><a href=\"http:\/\/www.welcometoelba.com\/de\/bikehotel-und-sport\/windsurfen\/\">WINDSURFEN<\/a><\/h3>\n<h3 class=\"testis\" style=\"text-align: center;\"><a href=\"http:\/\/www.welcometoelba.com\/de\/bikehotel-e-sport\/kayak\/\">KAYAK<\/a><\/h3>\n<h3 class=\"testis\" style=\"text-align: center;\"><a href=\"http:\/\/www.welcometoelba.com\/de\/bikehotel-und-sport\/segeln\/\">SEGELN<\/a><\/h3>\n<p>[\/et_pb_text][et_pb_gallery gallery_ids=&#8220;4021,1370,1332,1350,1019,1022,995,992,1118,1123,1124,997,988,1122,1121,1120,1334,1357,1353,1352,1359,1362,1374,1366&#8243; fullwidth=&#8220;on&#8220; _builder_version=&#8220;4.16&#8243; caption_all_caps=&#8220;off&#8220; auto=&#8220;on&#8220; auto_speed=&#8220;4000&#8243; use_border_color=&#8220;off&#8220; border_color=&#8220;#ffffff&#8220; border_width=&#8220;1px&#8220; border_style=&#8220;solid&#8220; global_colors_info=&#8220;{}&#8220;][\/et_pb_gallery][\/et_pb_column][\/et_pb_row][\/et_pb_section]<\/p>\n","protected":false},"excerpt":{"rendered":"<p>NATUR UND SPORT Wenn die Traumstr\u00e4nde Elbas die Insel auf der ganzen Welt ber\u00fchmt gemacht haben, dann lassen Sie sich von seinem Inneren Land \u00fcberraschen und erkunden Sie mit einem Rucksack das grosse Netz an Wanderwegen. Geniessen Sie die Harmonie zwischen den Gr\u00fcnen H\u00fcgeln und den K\u00fcstenklippen in verbindung mit den Rebbergen und dem Jahrtausendalten [&hellip;]<\/p>\n","protected":false},"author":2,"featured_media":0,"parent":6795,"menu_order":2,"comment_status":"closed","ping_status":"closed","template":"","meta":{"_et_pb_use_builder":"on","_et_pb_old_content":"","_et_gb_content_width":"","_joinchat":[],"footnotes":""},"class_list":["post-6804","page","type-page","status-publish","hentry"],"_links":{"self":[{"href":"https:\/\/www.minihotelelba.it\/de\/wp-json\/wp\/v2\/pages\/6804","targetHints":{"allow":["GET"]}}],"collection":[{"href":"https:\/\/www.minihotelelba.it\/de\/wp-json\/wp\/v2\/pages"}],"about":[{"href":"https:\/\/www.minihotelelba.it\/de\/wp-json\/wp\/v2\/types\/page"}],"author":[{"embeddable":true,"href":"https:\/\/www.minihotelelba.it\/de\/wp-json\/wp\/v2\/users\/2"}],"replies":[{"embeddable":true,"href":"https:\/\/www.minihotelelba.it\/de\/wp-json\/wp\/v2\/comments?post=6804"}],"version-history":[{"count":14,"href":"https:\/\/www.minihotelelba.it\/de\/wp-json\/wp\/v2\/pages\/6804\/revisions"}],"predecessor-version":[{"id":14076,"href":"https:\/\/www.minihotelelba.it\/de\/wp-json\/wp\/v2\/pages\/6804\/revisions\/14076"}],"up":[{"embeddable":true,"href":"https:\/\/www.minihotelelba.it\/de\/wp-json\/wp\/v2\/pages\/6795"}],"wp:attachment":[{"href":"https:\/\/www.minihotelelba.it\/de\/wp-json\/wp\/v2\/media?parent=6804"}],"curies":[{"name":"wp","href":"https:\/\/api.w.org\/{rel}","templated":true}]}}